{"id":3289,"date":"2025-02-21T19:50:35","date_gmt":"2025-02-21T18:50:35","guid":{"rendered":"https:\/\/customerfirstpartners.com\/schulungsprogramm-fuer-fuehrungskraefte\/"},"modified":"2025-05-09T21:57:00","modified_gmt":"2025-05-09T20:57:00","slug":"schulungsprogramm-fuer-fuehrungskraefte","status":"publish","type":"page","link":"https:\/\/customerfirstpartners.com\/de\/erfolgsgeschichten\/schulungsprogramm-fuer-fuehrungskraefte\/","title":{"rendered":"Schulungsprogramm f\u00fcr F\u00fchrungskr\u00e4fte"},"content":{"rendered":"\n<div class=\"wp-block-uagb-container uagb-block-49d17bf2 alignfull uagb-is-root-container\"><div class=\"uagb-container-inner-blocks-wrap\">\n<div class=\"wp-block-uagb-info-box uagb-block-441dcefd uagb-infobox__content-wrap  uagb-infobox-icon-above-title uagb-infobox-image-valign-top wp-block-uagb-info-box--has-margin\"><div class=\"uagb-infobox-margin-wrapper\"><div class=\"uagb-ifb-content\"><div class=\"uagb-ifb-title-wrap\"><div class=\"uagb-ifb-separator\"><\/div><h1 class=\"uagb-ifb-title\">Results Story: Konzeption und Durchf\u00fchrung eines Schulungsprogramms f\u00fcr F\u00fchrungskr\u00e4fte f\u00fcr einen globalen Kommunikationskonzern<\/h1><\/div><\/div><\/div><\/div>\n<\/div><\/div>\n\n<div class=\"wp-block-uagb-container uagb-block-55f662ef alignfull uagb-is-root-container\"><div class=\"uagb-container-inner-blocks-wrap\">\n<div class=\"wp-block-uagb-container uagb-block-3a302fdb alignfull uagb-is-root-container\"><div class=\"uagb-container-inner-blocks-wrap\">\n<div class=\"wp-block-uagb-container uagb-layout-grid uagb-block-29e2ee97\">\n<div class=\"wp-block-uagb-container uagb-block-808a2d8a alignfull uagb-is-root-container\">\n<div class=\"wp-block-uagb-info-box uagb-block-dbddf147 uagb-infobox__content-wrap  uagb-infobox-icon-above-title uagb-infobox-image-valign-top wp-block-uagb-info-box--has-margin\"><div class=\"uagb-infobox-margin-wrapper\"><div class=\"uagb-ifb-content\"><div class=\"uagb-ifb-icon-wrap\"><svg xmlns=\"https:\/\/www.w3.org\/2000\/svg\" viewbox=\"0 0 320 512\"><path d=\"M208 48C208 74.51 186.5 96 160 96C133.5 96 112 74.51 112 48C112 21.49 133.5 0 160 0C186.5 0 208 21.49 208 48zM152 352V480C152 497.7 137.7 512 120 512C102.3 512 88 497.7 88 480V256.9L59.43 304.5C50.33 319.6 30.67 324.5 15.52 315.4C.3696 306.3-4.531 286.7 4.573 271.5L62.85 174.6C80.2 145.7 111.4 128 145.1 128H174.9C208.6 128 239.8 145.7 257.2 174.6L315.4 271.5C324.5 286.7 319.6 306.3 304.5 315.4C289.3 324.5 269.7 319.6 260.6 304.5L232 256.9V480C232 497.7 217.7 512 200 512C182.3 512 168 497.7 168 480V352L152 352z\"><\/path><\/svg><\/div><div class=\"uagb-ifb-title-wrap\"><span class=\"uagb-ifb-title-prefix\"><em>Kunde in dieser Results Story<\/em><\/span><h4 class=\"uagb-ifb-title\"><strong>Globaler Kommunikationskonzern<\/strong><\/h4><\/div><p class=\"uagb-ifb-desc\">Der Kunde ist ein globales Unternehmen, das in der Kommunikationsbranche t\u00e4tig ist und Unternehmen und Verbrauchern weltweit fortschrittliche L\u00f6sungen in den Bereichen Netzwerke, Telekommunikation und digitale Konnektivit\u00e4t anbietet.<\/p><\/div><\/div><\/div>\n<\/div>\n\n\n\n<div class=\"wp-block-uagb-container uagb-block-add290b7 alignfull uagb-is-root-container\">\n<div class=\"wp-block-uagb-info-box uagb-block-375d1350 uagb-infobox__content-wrap  uagb-infobox-icon-above-title uagb-infobox-image-valign-top wp-block-uagb-info-box--has-margin\"><div class=\"uagb-infobox-margin-wrapper\"><div class=\"uagb-ifb-content\"><div class=\"uagb-ifb-icon-wrap\"><svg xmlns=\"https:\/\/www.w3.org\/2000\/svg\" viewbox=\"0 0 512 512\"><path d=\"M32 32C49.67 32 64 46.33 64 64V400C64 408.8 71.16 416 80 416H480C497.7 416 512 430.3 512 448C512 465.7 497.7 480 480 480H80C35.82 480 0 444.2 0 400V64C0 46.33 14.33 32 32 32zM128 128C128 110.3 142.3 96 160 96H256C273.7 96 288 110.3 288 128C288 145.7 273.7 160 256 160H160C142.3 160 128 145.7 128 128zM352 192C369.7 192 384 206.3 384 224C384 241.7 369.7 256 352 256H224C206.3 256 192 241.7 192 224C192 206.3 206.3 192 224 192H352zM448 288C465.7 288 480 302.3 480 320C480 337.7 465.7 352 448 352H384C366.3 352 352 337.7 352 320C352 302.3 366.3 288 384 288H448z\"><\/path><\/svg><\/div><div class=\"uagb-ifb-title-wrap\"><span class=\"uagb-ifb-title-prefix\"><em>mehrere Tage \/ wenige Wochen en bloc<\/em><\/span><h4 class=\"uagb-ifb-title\"><strong>Unterst\u00fctzung f\u00fcr bestimmtes Projekt<\/strong><br\/><strong>oder Projektphase, Ziel oder Ergebnis<\/strong><\/h4><\/div><p class=\"uagb-ifb-desc\">Unterst\u00fctzung bei der Erreichung von Zwischenzielen oder -ergebnissen, wie z. B. der Definition einer Roadmap oder einer ausgew\u00e4hlten Phase in der Neugestaltung der Customer Journey, der Gestaltung von Feedback-Routinen oder der Einrichtung von Mechanismen zur Verhinderung von Abwanderung und vielen weiteren \u00e4hnlichen Zielen.<\/p><div class=\"uagb-ifb-button-wrapper wp-block-button\"><a href=\"https:\/\/customerfirstpartners.com\/services\/support-for-selected-project-phase-objective-or-outcome\/\" class=\"uagb-infobox-cta-link wp-block-button__link\" target=\"_self\" rel=\"noopener noreferrer\" onclick=\"return true;\"><span class=\"uagb-inline-editing\">Zu diesem Service<\/span><\/a><\/div><\/div><\/div><\/div>\n<\/div>\n<\/div>\n\n\n\n<div class=\"wp-block-uagb-container uagb-block-6497323d alignfull uagb-is-root-container\"><div class=\"uagb-container-inner-blocks-wrap\">\n<div class=\"wp-block-uagb-advanced-heading uagb-block-be22de20\"><h3 class=\"uagb-heading-text\"><strong>Ausgangspunkt &amp; Herausforderung<\/strong><\/h3><\/div>\n\n\n\n<div class=\"wp-block-uagb-icon-list uagb-block-4e74e0f5\"><div class=\"uagb-icon-list__wrap\">\n<div class=\"wp-block-uagb-icon-list-child uagb-block-833e0eec\"><span class=\"uagb-icon-list__source-wrap\"><svg xmlns=\"https:\/\/www.w3.org\/2000\/svg\" viewbox=\"0 0 448 512\"><path d=\"M438.6 278.6l-160 160C272.4 444.9 264.2 448 256 448s-16.38-3.125-22.62-9.375c-12.5-12.5-12.5-32.75 0-45.25L338.8 288H32C14.33 288 .0016 273.7 .0016 256S14.33 224 32 224h306.8l-105.4-105.4c-12.5-12.5-12.5-32.75 0-45.25s32.75-12.5 45.25 0l160 160C451.1 245.9 451.1 266.1 438.6 278.6z\"><\/path><\/svg><\/span><span class=\"uagb-icon-list__label\">Die Leading Global Communications Corporation hat sich zum Ziel gesetzt, Kundenorientierung als zentrales F\u00fchrungsprinzip in ihrem Leadership Development Program zu verankern.<\/span><\/div>\n\n\n\n<div class=\"wp-block-uagb-icon-list-child uagb-block-75668e07\"><span class=\"uagb-icon-list__source-wrap\"><svg xmlns=\"https:\/\/www.w3.org\/2000\/svg\" viewbox=\"0 0 448 512\"><path d=\"M438.6 278.6l-160 160C272.4 444.9 264.2 448 256 448s-16.38-3.125-22.62-9.375c-12.5-12.5-12.5-32.75 0-45.25L338.8 288H32C14.33 288 .0016 273.7 .0016 256S14.33 224 32 224h306.8l-105.4-105.4c-12.5-12.5-12.5-32.75 0-45.25s32.75-12.5 45.25 0l160 160C451.1 245.9 451.1 266.1 438.6 278.6z\"><\/path><\/svg><\/span><span class=\"uagb-icon-list__label\">F\u00fchrungskr\u00e4fte ben\u00f6tigten ein klareres Verst\u00e4ndnis der Grundlagen der Customer Experience (CX), der Messrahmen und der strategischen Auswirkungen der Kundenbindung.<\/span><\/div>\n\n\n\n<div class=\"wp-block-uagb-icon-list-child uagb-block-2724a2c6\"><span class=\"uagb-icon-list__source-wrap\"><svg xmlns=\"https:\/\/www.w3.org\/2000\/svg\" viewbox=\"0 0 448 512\"><path d=\"M438.6 278.6l-160 160C272.4 444.9 264.2 448 256 448s-16.38-3.125-22.62-9.375c-12.5-12.5-12.5-32.75 0-45.25L338.8 288H32C14.33 288 .0016 273.7 .0016 256S14.33 224 32 224h306.8l-105.4-105.4c-12.5-12.5-12.5-32.75 0-45.25s32.75-12.5 45.25 0l160 160C451.1 245.9 451.1 266.1 438.6 278.6z\"><\/path><\/svg><\/span><span class=\"uagb-icon-list__label\">Ein strukturiertes, interaktives Schulungsprogramm war erforderlich, um die Teilnehmer mit umsetzbaren Erkenntnissen und Best Practices auszustatten.<\/span><\/div>\n<\/div><\/div>\n<\/div><\/div>\n\n\n\n<div class=\"wp-block-uagb-container uagb-block-68648b9d alignfull uagb-is-root-container\"><div class=\"uagb-container-inner-blocks-wrap\">\n<div class=\"wp-block-uagb-advanced-heading uagb-block-39369321\"><h3 class=\"uagb-heading-text\"><strong>Die gezielte Unterst\u00fctzung bei der Konzeption und Durchf\u00fchrung eines ma\u00dfgeschneiderten Schulungsprogramms f\u00fcr F\u00fchrungskr\u00e4fte umfasste die folgenden Leistungen:<\/strong><\/h3><\/div>\n\n\n\n<div class=\"wp-block-uagb-container uagb-layout-grid uagb-block-9667b36e\">\n<div class=\"wp-block-uagb-info-box uagb-block-2624f5aa uagb-infobox__content-wrap  uagb-infobox-icon-above-title uagb-infobox-image-valign-top\"><div class=\"uagb-ifb-content\"><div class=\"uagb-ifb-icon-wrap\"><svg xmlns=\"https:\/\/www.w3.org\/2000\/svg\" viewbox=\"0 0 512 512\"><path d=\"M0 256C0 114.6 114.6 0 256 0C397.4 0 512 114.6 512 256C512 397.4 397.4 512 256 512C114.6 512 0 397.4 0 256zM371.8 211.8C382.7 200.9 382.7 183.1 371.8 172.2C360.9 161.3 343.1 161.3 332.2 172.2L224 280.4L179.8 236.2C168.9 225.3 151.1 225.3 140.2 236.2C129.3 247.1 129.3 264.9 140.2 275.8L204.2 339.8C215.1 350.7 232.9 350.7 243.8 339.8L371.8 211.8z\"><\/path><\/svg><\/div><div class=\"uagb-ifb-title-wrap\"><h3 class=\"uagb-ifb-title\">CX-Grundlagen und Best Practices<\/h3><\/div><p class=\"uagb-ifb-desc\">Entwicklung und Bereitstellung eines strukturierten Lehrplans, der wichtige CX-Konzepte, Messrahmen (z. B. NPS, Earned Growth) und den strategischen Wert der Kundenbindung abdeckt.<\/p><\/div><\/div>\n\n\n\n<div class=\"wp-block-uagb-info-box uagb-block-d3c8e963 uagb-infobox__content-wrap  uagb-infobox-icon-above-title uagb-infobox-image-valign-top\"><div class=\"uagb-ifb-content\"><div class=\"uagb-ifb-icon-wrap\"><svg xmlns=\"https:\/\/www.w3.org\/2000\/svg\" viewbox=\"0 0 512 512\"><path d=\"M0 256C0 114.6 114.6 0 256 0C397.4 0 512 114.6 512 256C512 397.4 397.4 512 256 512C114.6 512 0 397.4 0 256zM371.8 211.8C382.7 200.9 382.7 183.1 371.8 172.2C360.9 161.3 343.1 161.3 332.2 172.2L224 280.4L179.8 236.2C168.9 225.3 151.1 225.3 140.2 236.2C129.3 247.1 129.3 264.9 140.2 275.8L204.2 339.8C215.1 350.7 232.9 350.7 243.8 339.8L371.8 211.8z\"><\/path><\/svg><\/div><div class=\"uagb-ifb-title-wrap\"><h3 class=\"uagb-ifb-title\">Interaktive virtuelle Schulungen<\/h3><\/div><p class=\"uagb-ifb-desc\">Leitete mehrere virtuelle Sitzungen f\u00fcr F\u00fchrungsteilnehmer, in denen Vortr\u00e4ge im Keynote-Stil mit interaktiven Diskussionen kombiniert wurden.<\/p><\/div><\/div>\n\n\n\n<div class=\"wp-block-uagb-info-box uagb-block-7d42d9f2 uagb-infobox__content-wrap  uagb-infobox-icon-above-title uagb-infobox-image-valign-top\"><div class=\"uagb-ifb-content\"><div class=\"uagb-ifb-icon-wrap\"><svg xmlns=\"https:\/\/www.w3.org\/2000\/svg\" viewbox=\"0 0 512 512\"><path d=\"M0 256C0 114.6 114.6 0 256 0C397.4 0 512 114.6 512 256C512 397.4 397.4 512 256 512C114.6 512 0 397.4 0 256zM371.8 211.8C382.7 200.9 382.7 183.1 371.8 172.2C360.9 161.3 343.1 161.3 332.2 172.2L224 280.4L179.8 236.2C168.9 225.3 151.1 225.3 140.2 236.2C129.3 247.1 129.3 264.9 140.2 275.8L204.2 339.8C215.1 350.7 232.9 350.7 243.8 339.8L371.8 211.8z\"><\/path><\/svg><\/div><div class=\"uagb-ifb-title-wrap\"><h3 class=\"uagb-ifb-title\">Integration von Industrie und Thought Leadership<\/h3><\/div><p class=\"uagb-ifb-desc\">Fred Reichheld, der Erfinder des NPS, hat Einblicke in den Erfolg durch Kundenorientierung gegeben.<\/p><\/div><\/div>\n\n\n\n<div class=\"wp-block-uagb-info-box uagb-block-08710444 uagb-infobox__content-wrap  uagb-infobox-icon-above-title uagb-infobox-image-valign-top\"><div class=\"uagb-ifb-content\"><div class=\"uagb-ifb-icon-wrap\"><svg xmlns=\"https:\/\/www.w3.org\/2000\/svg\" viewbox=\"0 0 512 512\"><path d=\"M0 256C0 114.6 114.6 0 256 0C397.4 0 512 114.6 512 256C512 397.4 397.4 512 256 512C114.6 512 0 397.4 0 256zM371.8 211.8C382.7 200.9 382.7 183.1 371.8 172.2C360.9 161.3 343.1 161.3 332.2 172.2L224 280.4L179.8 236.2C168.9 225.3 151.1 225.3 140.2 236.2C129.3 247.1 129.3 264.9 140.2 275.8L204.2 339.8C215.1 350.7 232.9 350.7 243.8 339.8L371.8 211.8z\"><\/path><\/svg><\/div><div class=\"uagb-ifb-title-wrap\"><h3 class=\"uagb-ifb-title\">Moderierte Gespr\u00e4che mit F\u00fchrungskr\u00e4ften<\/h3><\/div><p class=\"uagb-ifb-desc\">Moderation von Diskussionen zwischen CX-F\u00fchrungskr\u00e4ften und Teilnehmern, um Erfahrungen und Herausforderungen aus der Praxis auszutauschen.<\/p><\/div><\/div>\n\n\n\n<div class=\"wp-block-uagb-info-box uagb-block-ae44c69f uagb-infobox__content-wrap  uagb-infobox-icon-above-title uagb-infobox-image-valign-top\"><div class=\"uagb-ifb-content\"><div class=\"uagb-ifb-icon-wrap\"><svg xmlns=\"https:\/\/www.w3.org\/2000\/svg\" viewbox=\"0 0 512 512\"><path d=\"M0 256C0 114.6 114.6 0 256 0C397.4 0 512 114.6 512 256C512 397.4 397.4 512 256 512C114.6 512 0 397.4 0 256zM371.8 211.8C382.7 200.9 382.7 183.1 371.8 172.2C360.9 161.3 343.1 161.3 332.2 172.2L224 280.4L179.8 236.2C168.9 225.3 151.1 225.3 140.2 236.2C129.3 247.1 129.3 264.9 140.2 275.8L204.2 339.8C215.1 350.7 232.9 350.7 243.8 339.8L371.8 211.8z\"><\/path><\/svg><\/div><div class=\"uagb-ifb-title-wrap\"><h3 class=\"uagb-ifb-title\">Flexibler Trainings-Angang<\/h3><\/div><p class=\"uagb-ifb-desc\">Erm\u00f6glicht zus\u00e4tzliche Sitzungen oder gemeinsame Diskussionen mit externen Experten, die auf die sich entwickelnden Programmanforderungen zugeschnitten sind.<\/p><\/div><\/div>\n\n\n\n<div class=\"wp-block-uagb-info-box uagb-block-2d157090 uagb-infobox__content-wrap  uagb-infobox-icon-above-title uagb-infobox-image-valign-top\"><div class=\"uagb-ifb-content\"><div class=\"uagb-ifb-icon-wrap\"><svg xmlns=\"https:\/\/www.w3.org\/2000\/svg\" viewbox=\"0 0 512 512\"><path d=\"M0 256C0 114.6 114.6 0 256 0C397.4 0 512 114.6 512 256C512 397.4 397.4 512 256 512C114.6 512 0 397.4 0 256zM371.8 211.8C382.7 200.9 382.7 183.1 371.8 172.2C360.9 161.3 343.1 161.3 332.2 172.2L224 280.4L179.8 236.2C168.9 225.3 151.1 225.3 140.2 236.2C129.3 247.1 129.3 264.9 140.2 275.8L204.2 339.8C215.1 350.7 232.9 350.7 243.8 339.8L371.8 211.8z\"><\/path><\/svg><\/div><div class=\"uagb-ifb-title-wrap\"><h3 class=\"uagb-ifb-title\">Wissen <br\/>Nachhaltigkeit<\/h3><\/div><p class=\"uagb-ifb-desc\">Der Kunde konnte die Schulungsinhalte intern bis zu zwei Jahre lang aufzeichnen und wiederverwenden.<\/p><\/div><\/div>\n<\/div>\n<\/div><\/div>\n\n\n\n<div class=\"wp-block-uagb-container uagb-block-f26d8a67 alignfull uagb-is-root-container\"><div class=\"uagb-container-inner-blocks-wrap\">\n<div class=\"wp-block-uagb-advanced-heading uagb-block-6914dc54\"><div class=\"uagb-separator\"><\/div><h3 class=\"uagb-heading-text\"><strong>Erzielte Ergebnisse<\/strong><\/h3><\/div>\n\n\n\n<div class=\"wp-block-uagb-advanced-heading uagb-block-efd6e2ed\"><h5 class=\"uagb-heading-text\"><strong>Kurzfristig (3-6 Monate)<\/strong><\/h5><\/div>\n\n\n\n<div class=\"wp-block-uagb-icon-list uagb-block-50756356\"><div class=\"uagb-icon-list__wrap\">\n<div class=\"wp-block-uagb-icon-list-child uagb-block-5552b59e\"><span class=\"uagb-icon-list__source-wrap\"><svg xmlns=\"https:\/\/www.w3.org\/2000\/svg\" viewbox=\"0 0 448 512\"><path d=\"M438.6 105.4C451.1 117.9 451.1 138.1 438.6 150.6L182.6 406.6C170.1 419.1 149.9 419.1 137.4 406.6L9.372 278.6C-3.124 266.1-3.124 245.9 9.372 233.4C21.87 220.9 42.13 220.9 54.63 233.4L159.1 338.7L393.4 105.4C405.9 92.88 426.1 92.88 438.6 105.4H438.6z\"><\/path><\/svg><\/span><span class=\"uagb-icon-list__label\">Erfolgreich durchgef\u00fchrte wirkungsvolle virtuelle Schulungen mit interaktiven Fragen und Antworten und Diskussionen mit F\u00fchrungskr\u00e4ften.<\/span><\/div>\n\n\n\n<div class=\"wp-block-uagb-icon-list-child uagb-block-37c416c9\"><span class=\"uagb-icon-list__source-wrap\"><svg xmlns=\"https:\/\/www.w3.org\/2000\/svg\" viewbox=\"0 0 448 512\"><path d=\"M438.6 105.4C451.1 117.9 451.1 138.1 438.6 150.6L182.6 406.6C170.1 419.1 149.9 419.1 137.4 406.6L9.372 278.6C-3.124 266.1-3.124 245.9 9.372 233.4C21.87 220.9 42.13 220.9 54.63 233.4L159.1 338.7L393.4 105.4C405.9 92.88 426.1 92.88 438.6 105.4H438.6z\"><\/path><\/svg><\/span><span class=\"uagb-icon-list__label\">Vermittelte den F\u00fchrungskr\u00e4ften ein gemeinsames Verst\u00e4ndnis von Kundenorientierung und ihrer direkten Verbindung zum Gesch\u00e4ftserfolg.<\/span><\/div>\n<\/div><\/div>\n\n\n\n<div class=\"wp-block-uagb-advanced-heading uagb-block-75e5ec62\"><h5 class=\"uagb-heading-text\"><strong>Mittelfristig (6-12 Monate)<\/strong><\/h5><\/div>\n\n\n\n<div class=\"wp-block-uagb-icon-list uagb-block-c7a0f216\"><div class=\"uagb-icon-list__wrap\">\n<div class=\"wp-block-uagb-icon-list-child uagb-block-ef562200\"><span class=\"uagb-icon-list__source-wrap\"><svg xmlns=\"https:\/\/www.w3.org\/2000\/svg\" viewbox=\"0 0 448 512\"><path d=\"M438.6 105.4C451.1 117.9 451.1 138.1 438.6 150.6L182.6 406.6C170.1 419.1 149.9 419.1 137.4 406.6L9.372 278.6C-3.124 266.1-3.124 245.9 9.372 233.4C21.87 220.9 42.13 220.9 54.63 233.4L159.1 338.7L393.4 105.4C405.9 92.88 426.1 92.88 438.6 105.4H438.6z\"><\/path><\/svg><\/span><span class=\"uagb-icon-list__label\">Verst\u00e4rkte CX-Ausrichtung in der gesamten F\u00fchrung, Einbettung kundenorientierter Prinzipien in die Entscheidungsfindung.<\/span><\/div>\n\n\n\n<div class=\"wp-block-uagb-icon-list-child uagb-block-26f03a49\"><span class=\"uagb-icon-list__source-wrap\"><svg xmlns=\"https:\/\/www.w3.org\/2000\/svg\" viewbox=\"0 0 448 512\"><path d=\"M438.6 105.4C451.1 117.9 451.1 138.1 438.6 150.6L182.6 406.6C170.1 419.1 149.9 419.1 137.4 406.6L9.372 278.6C-3.124 266.1-3.124 245.9 9.372 233.4C21.87 220.9 42.13 220.9 54.63 233.4L159.1 338.7L393.4 105.4C405.9 92.88 426.1 92.88 438.6 105.4H438.6z\"><\/path><\/svg><\/span><span class=\"uagb-icon-list__label\">Erweiterte Schulungsm\u00f6glichkeiten durch aufgezeichnete On-Demand-Sitzungen, die Zug\u00e4nglichkeit und Verst\u00e4rkung gew\u00e4hrleisten.<\/span><\/div>\n<\/div><\/div>\n\n\n\n<div class=\"wp-block-uagb-advanced-heading uagb-block-23ef4902\"><h5 class=\"uagb-heading-text\"><strong>Langfristig (12+ Monate)<\/strong><\/h5><\/div>\n\n\n\n<div class=\"wp-block-uagb-icon-list uagb-block-3da8b3a6\"><div class=\"uagb-icon-list__wrap\">\n<div class=\"wp-block-uagb-icon-list-child uagb-block-6cff81b8\"><span class=\"uagb-icon-list__source-wrap\"><svg xmlns=\"https:\/\/www.w3.org\/2000\/svg\" viewbox=\"0 0 448 512\"><path d=\"M438.6 105.4C451.1 117.9 451.1 138.1 438.6 150.6L182.6 406.6C170.1 419.1 149.9 419.1 137.4 406.6L9.372 278.6C-3.124 266.1-3.124 245.9 9.372 233.4C21.87 220.9 42.13 220.9 54.63 233.4L159.1 338.7L393.4 105.4C405.9 92.88 426.1 92.88 438.6 105.4H438.6z\"><\/path><\/svg><\/span><span class=\"uagb-icon-list__label\">Das Engagement der F\u00fchrungskr\u00e4fte in kundenorientierten Initiativen nahm zu und trieb den kulturellen Wandel auf mehreren Organisationsebenen voran.<\/span><\/div>\n\n\n\n<div class=\"wp-block-uagb-icon-list-child uagb-block-4655235e\"><span class=\"uagb-icon-list__source-wrap\"><svg xmlns=\"https:\/\/www.w3.org\/2000\/svg\" viewbox=\"0 0 448 512\"><path d=\"M438.6 105.4C451.1 117.9 451.1 138.1 438.6 150.6L182.6 406.6C170.1 419.1 149.9 419.1 137.4 406.6L9.372 278.6C-3.124 266.1-3.124 245.9 9.372 233.4C21.87 220.9 42.13 220.9 54.63 233.4L159.1 338.7L393.4 105.4C405.9 92.88 426.1 92.88 438.6 105.4H438.6z\"><\/path><\/svg><\/span><span class=\"uagb-icon-list__label\">CX-Prinzipien, die in den breiteren Rahmen f\u00fcr die F\u00fchrungskr\u00e4fteentwicklung des Kunden integriert sind, um eine nachhaltige Wirkung zu gew\u00e4hrleisten.<\/span><\/div>\n<\/div><\/div>\n<\/div><\/div>\n\n\n\n<div class=\"wp-block-uagb-container uagb-block-e90ecdb4 alignfull uagb-is-root-container\">\n<div class=\"wp-block-uagb-info-box uagb-block-c27f0c84 uagb-infobox__content-wrap  uagb-infobox-icon-above-title uagb-infobox-image-valign-top wp-block-uagb-info-box--has-margin\"><div class=\"uagb-infobox-margin-wrapper\"><div class=\"uagb-ifb-content\"><div class=\"uagb-ifb-icon-wrap\"><svg xmlns=\"https:\/\/www.w3.org\/2000\/svg\" viewbox=\"0 0 576 512\"><path d=\"M96 304.1c0-12.16 4.971-23.83 13.64-32.01l72.13-68.08c1.65-1.555 3.773-2.311 5.611-3.578C177.1 176.8 155 160 128 160H64C28.65 160 0 188.7 0 224v96c0 17.67 14.33 32 31.1 32L32 480c0 17.67 14.33 32 32 32h64c17.67 0 32-14.33 32-32v-96.39l-50.36-47.53C100.1 327.9 96 316.2 96 304.1zM480 128c35.38 0 64-28.62 64-64s-28.62-64-64-64s-64 28.62-64 64S444.6 128 480 128zM96 128c35.38 0 64-28.62 64-64S131.4 0 96 0S32 28.62 32 64S60.63 128 96 128zM444.4 295.3L372.3 227.3c-3.49-3.293-8.607-4.193-13.01-2.299C354.9 226.9 352 231.2 352 236V272H224V236c0-4.795-2.857-9.133-7.262-11.03C212.3 223.1 207.2 223.1 203.7 227.3L131.6 295.3c-4.805 4.535-4.805 12.94 0 17.47l72.12 68.07c3.49 3.291 8.607 4.191 13.01 2.297C221.1 381.3 224 376.9 224 372.1V336h128v36.14c0 4.795 2.857 9.135 7.262 11.04c4.406 1.893 9.523 .9922 13.01-2.299l72.12-68.07C449.2 308.3 449.2 299.9 444.4 295.3zM512 160h-64c-26.1 0-49.98 16.77-59.38 40.42c1.842 1.271 3.969 2.027 5.623 3.588l72.12 68.06C475 280.2 480 291.9 480 304.1c.002 12.16-4.969 23.83-13.64 32.01L416 383.6V480c0 17.67 14.33 32 32 32h64c17.67 0 32-14.33 32-32v-128c17.67 0 32-14.33 32-32V224C576 188.7 547.3 160 512 160z\"><\/path><\/svg><\/div><div class=\"uagb-ifb-title-wrap\"><h4 class=\"uagb-ifb-title\"><strong>Kundenstimmen<\/strong><\/h4><\/div><p class=\"uagb-ifb-desc\">Durch unsere Unterst\u00fctzung konnten wir messbare Ergebnisse f\u00fcr den Kunden erzielen. Lesen Sie mehr dazu in den <strong>Referenzen<\/strong>. <\/p><div class=\"uagb-ifb-button-wrapper wp-block-button\"><a href=\"\/de\/#testimonials\" class=\"uagb-infobox-cta-link wp-block-button__link\" target=\"_self\" rel=\"noopener noreferrer\" onclick=\"return true;\"><span class=\"uagb-inline-editing\">Zu den Referenzen<\/span><\/a><\/div><\/div><\/div><\/div>\n<\/div>\n<\/div><\/div>\n<\/div><\/div>\n\n<p><\/p>\n","protected":false},"excerpt":{"rendered":"<p>Ausgangspunkt &amp; Herausforderung Die gezielte Unterst\u00fctzung bei der Konzeption und Durchf\u00fchrung eines ma\u00dfgeschneiderten Schulungsprogramms f\u00fcr F\u00fchrungskr\u00e4fte umfasste die folgenden Leistungen: Erzielte Ergebnisse Kurzfristig (3-6 Monate) Mittelfristig (6-12 Monate) Langfristig (12+ Monate)<\/p>\n","protected":false},"author":1,"featured_media":0,"parent":3313,"menu_order":0,"comment_status":"closed","ping_status":"closed","template":"","meta":{"_uag_custom_page_level_css":"","_monsterinsights_skip_tracking":false,"_monsterinsights_sitenote_active":false,"_monsterinsights_sitenote_note":"","_monsterinsights_sitenote_category":0,"site-sidebar-layout":"default","site-content-layout":"","ast-site-content-layout":"default","site-content-style":"default","site-sidebar-style":"default","ast-global-header-display":"","ast-banner-title-visibility":"","ast-main-header-display":"","ast-hfb-above-header-display":"","ast-hfb-below-header-display":"","ast-hfb-mobile-header-display":"","site-post-title":"","ast-breadcrumbs-content":"","ast-featured-img":"","footer-sml-layout":"","ast-disable-related-posts":"","theme-transparent-header-meta":"","adv-header-id-meta":"","stick-header-meta":"","header-above-stick-meta":"","header-main-stick-meta":"","header-below-stick-meta":"","astra-migrate-meta-layouts":"default","ast-page-background-enabled":"default","ast-page-background-meta":{"desktop":{"background-color":"var(--ast-global-color-4)","background-image":"","background-repeat":"repeat","background-position":"center center","background-size":"auto","background-attachment":"scroll","background-type":"","background-media":"","overlay-type":"","overlay-color":"","overlay-opacity":"","overlay-gradient":""},"tablet":{"background-color":"","background-image":"","background-repeat":"repeat","background-position":"center center","background-size":"auto","background-attachment":"scroll","background-type":"","background-media":"","overlay-type":"","overlay-color":"","overlay-opacity":"","overlay-gradient":""},"mobile":{"background-color":"","background-image":"","background-repeat":"repeat","background-position":"center center","background-size":"auto","background-attachment":"scroll","background-type":"","background-media":"","overlay-type":"","overlay-color":"","overlay-opacity":"","overlay-gradient":""}},"ast-content-background-meta":{"desktop":{"background-color":"var(--ast-global-color-5)","background-image":"","background-repeat":"repeat","background-position":"center center","background-size":"auto","background-attachment":"scroll","background-type":"","background-media":"","overlay-type":"","overlay-color":"","overlay-opacity":"","overlay-gradient":""},"tablet":{"background-color":"var(--ast-global-color-5)","background-image":"","background-repeat":"repeat","background-position":"center center","background-size":"auto","background-attachment":"scroll","background-type":"","background-media":"","overlay-type":"","overlay-color":"","overlay-opacity":"","overlay-gradient":""},"mobile":{"background-color":"var(--ast-global-color-5)","background-image":"","background-repeat":"repeat","background-position":"center center","background-size":"auto","background-attachment":"scroll","background-type":"","background-media":"","overlay-type":"","overlay-color":"","overlay-opacity":"","overlay-gradient":""}},"footnotes":""},"class_list":["post-3289","page","type-page","status-publish","hentry"],"aioseo_notices":[],"uagb_featured_image_src":{"full":false,"thumbnail":false,"medium":false,"medium_large":false,"large":false,"1536x1536":false,"2048x2048":false},"uagb_author_info":{"display_name":"relay_customerfirstpartners_com_7a3st@mrvh.de","author_link":"https:\/\/customerfirstpartners.com\/de\/author\/relay_customerfirstpartners_com_7a3stmrvh-de\/"},"uagb_comment_info":0,"uagb_excerpt":"Ausgangspunkt &amp; Herausforderung Die gezielte Unterst\u00fctzung bei der Konzeption und Durchf\u00fchrung eines ma\u00dfgeschneiderten Schulungsprogramms f\u00fcr F\u00fchrungskr\u00e4fte umfasste die folgenden Leistungen: Erzielte Ergebnisse Kurzfristig (3-6 Monate) Mittelfristig (6-12 Monate) Langfristig (12+ Monate)","_links":{"self":[{"href":"https:\/\/customerfirstpartners.com\/de\/wp-json\/wp\/v2\/pages\/3289","targetHints":{"allow":["GET"]}}],"collection":[{"href":"https:\/\/customerfirstpartners.com\/de\/wp-json\/wp\/v2\/pages"}],"about":[{"href":"https:\/\/customerfirstpartners.com\/de\/wp-json\/wp\/v2\/types\/page"}],"author":[{"embeddable":true,"href":"https:\/\/customerfirstpartners.com\/de\/wp-json\/wp\/v2\/users\/1"}],"replies":[{"embeddable":true,"href":"https:\/\/customerfirstpartners.com\/de\/wp-json\/wp\/v2\/comments?post=3289"}],"version-history":[{"count":8,"href":"https:\/\/customerfirstpartners.com\/de\/wp-json\/wp\/v2\/pages\/3289\/revisions"}],"predecessor-version":[{"id":3537,"href":"https:\/\/customerfirstpartners.com\/de\/wp-json\/wp\/v2\/pages\/3289\/revisions\/3537"}],"up":[{"embeddable":true,"href":"https:\/\/customerfirstpartners.com\/de\/wp-json\/wp\/v2\/pages\/3313"}],"wp:attachment":[{"href":"https:\/\/customerfirstpartners.com\/de\/wp-json\/wp\/v2\/media?parent=3289"}],"curies":[{"name":"wp","href":"https:\/\/api.w.org\/{rel}","templated":true}]}}