{"id":3313,"date":"2025-01-14T17:35:10","date_gmt":"2025-01-14T16:35:10","guid":{"rendered":"https:\/\/customerfirstpartners.com\/erfolgsgeschichten\/"},"modified":"2025-05-05T22:15:05","modified_gmt":"2025-05-05T21:15:05","slug":"erfolgsgeschichten","status":"publish","type":"page","link":"https:\/\/customerfirstpartners.com\/de\/erfolgsgeschichten\/","title":{"rendered":"Results Stories"},"content":{"rendered":"\n<div class=\"wp-block-uagb-container uagb-block-49d17bf2 alignfull uagb-is-root-container\"><div class=\"uagb-container-inner-blocks-wrap\">\n<div class=\"wp-block-uagb-info-box uagb-block-441dcefd uagb-infobox__content-wrap  uagb-infobox-icon-above-title uagb-infobox-image-valign-top wp-block-uagb-info-box--has-margin\"><div class=\"uagb-infobox-margin-wrapper\"><div class=\"uagb-ifb-content\"><div class=\"uagb-ifb-title-wrap\"><div class=\"uagb-ifb-separator\"><\/div><h1 class=\"uagb-ifb-title\">Results Stories<\/h1><\/div><p class=\"uagb-ifb-desc\">Entdecken Sie Results Stories, die die Ergebnisse unserer Arbeit in verschiedenen Branchen zeigen. Vom Erreichen von messbarem Wachstums bis hin zur Verbesserung der Kundenbindung \u2013 diese Projekte unterstreichen den ma\u00dfgeschneiderten Support, den wir geleistet haben, und die erzielten Ergebnisse. Tauchen Sie in die Details ein, um zu sehen, wie wir unseren Kunden geholfen haben, ihre Ziele zu erreichen.<\/p><\/div><\/div><\/div>\n<\/div><\/div>\n\n<div class=\"wp-block-uagb-container uagb-block-bf4f541a alignfull uagb-is-root-container\"><div class=\"uagb-container-inner-blocks-wrap\">\n<div class=\"wp-block-group is-layout-flex wp-block-group-is-layout-flex\">\n<div class=\"wp-block-uagb-container uagb-block-d981ac76\">\n<div class=\"wp-block-uagb-info-box uagb-block-ad1ea8dc uagb-infobox__content-wrap  uagb-infobox-icon-above-title uagb-infobox-image-valign-top wp-block-uagb-info-box--has-margin\"><div class=\"uagb-infobox-margin-wrapper\"><div class=\"uagb-ifb-content\"><div class=\"uagb-ifb-title-wrap\"><span class=\"uagb-ifb-title-prefix\">Multinationale Telekom-Gruppe<\/span><h4 class=\"uagb-ifb-title\"><strong>NPS-Rollout in mehreren L\u00e4ndern<\/strong><\/h4><\/div><p class=\"uagb-ifb-desc\">Gemeinsam mit dem Kunden ein vollst\u00e4ndiges Net Promoter System entwickelt; Rollout in ~10 L\u00e4ndern inkl. Aufbau relevanter Teams und Schulung von 1.000+ Mitarbeitern <\/p><div class=\"uagb-ifb-button-wrapper wp-block-button\"><a href=\"https:\/\/customerfirstpartners.com\/de\/?page_id=3298\" class=\"uagb-infobox-cta-link wp-block-button__link\" target=\"_self\" rel=\"noopener noreferrer\" onclick=\"return true;\"><span class=\"uagb-inline-editing\">Weiterlesen<\/span><\/a><\/div><\/div><\/div><\/div>\n<\/div>\n\n\n\n<div class=\"wp-block-uagb-container uagb-block-5173b059\">\n<div class=\"wp-block-uagb-info-box uagb-block-707bf008 uagb-infobox__content-wrap  uagb-infobox-icon-above-title uagb-infobox-image-valign-top wp-block-uagb-info-box--has-margin\"><div class=\"uagb-infobox-margin-wrapper\"><div class=\"uagb-ifb-content\"><div class=\"uagb-ifb-title-wrap\"><span class=\"uagb-ifb-title-prefix\">Multinationale Einzelhandelsgruppe<\/span><h4 class=\"uagb-ifb-title\"><strong>NPS-Rollout in mehreren L\u00e4ndern<\/strong><\/h4><\/div><p class=\"uagb-ifb-desc\">Gemeinsam mit dem Kunden ein vollst\u00e4ndiges Net Promoter System entwickelt; Rollout in 20+ L\u00e4ndern inkl. Aufbau eines relevanten Teams und Schulung von 1.000+ Mitarbeitern <\/p><div class=\"uagb-ifb-button-wrapper wp-block-button\"><a href=\"https:\/\/customerfirstpartners.com\/de\/?page_id=3304\" class=\"uagb-infobox-cta-link wp-block-button__link\" target=\"_self\" rel=\"noopener noreferrer\" onclick=\"return true;\"><span class=\"uagb-inline-editing\">Weiterlesen<\/span><\/a><\/div><\/div><\/div><\/div>\n<\/div>\n<\/div>\n\n\n\n<div class=\"wp-block-group is-layout-flex wp-block-group-is-layout-flex\">\n<div class=\"wp-block-uagb-container uagb-block-ec5ee6ab alignfull uagb-is-root-container\"><div class=\"uagb-container-inner-blocks-wrap\">\n<div class=\"wp-block-uagb-info-box uagb-block-46dfbc79 uagb-infobox__content-wrap  uagb-infobox-icon-above-title uagb-infobox-image-valign-top wp-block-uagb-info-box--has-margin\"><div class=\"uagb-infobox-margin-wrapper\"><div class=\"uagb-ifb-content\"><div class=\"uagb-ifb-title-wrap\"><span class=\"uagb-ifb-title-prefix\">Globaler Industrie-Konzern (Maschinenbau)<\/span><h4 class=\"uagb-ifb-title\"><strong>Best-Practice-NPS-Blueprints und Pilotprojekte<\/strong><\/h4><\/div><p class=\"uagb-ifb-desc\">Anpassung des Best-Practice-NPS-Blueprints an die Kundenumgebung; Konzeption des Rollouts, Planung und Durchf\u00fchrung von Pilotprojekten als Proofpoints und Mobilisierung der Organisation<\/p><div class=\"uagb-ifb-button-wrapper wp-block-button\"><a href=\"https:\/\/customerfirstpartners.com\/de\/?page_id=3317\" class=\"uagb-infobox-cta-link wp-block-button__link\" target=\"_self\" rel=\"noopener noreferrer\" onclick=\"return true;\"><span class=\"uagb-inline-editing\">Weiterlesen<\/span><\/a><\/div><\/div><\/div><\/div>\n<\/div><\/div>\n\n\n\n<div class=\"wp-block-uagb-container uagb-block-6d65c10d alignfull uagb-is-root-container\"><div class=\"uagb-container-inner-blocks-wrap\">\n<div class=\"wp-block-uagb-info-box uagb-block-9f62b2e9 uagb-infobox__content-wrap  uagb-infobox-icon-above-title uagb-infobox-image-valign-top wp-block-uagb-info-box--has-margin\"><div class=\"uagb-infobox-margin-wrapper\"><div class=\"uagb-ifb-content\"><div class=\"uagb-ifb-title-wrap\"><span class=\"uagb-ifb-title-prefix\">Multinationaler Unterhaltungskonzern<\/span><h4 class=\"uagb-ifb-title\"><strong>Operating Model der Experience Organisation<\/strong><\/h4><\/div><p class=\"uagb-ifb-desc\">Konzeption Betriebsmodell f\u00fcr ein l\u00e4nder\u00fcbergreifendes Product Experience Team inkl. Schnittstellen zu OpCos; Abstimmung und Mobilisierung von zentralen und lokalen Stakeholdern <\/p><div class=\"uagb-ifb-button-wrapper wp-block-button\"><a href=\"https:\/\/customerfirstpartners.com\/de\/?page_id=3308\" class=\"uagb-infobox-cta-link wp-block-button__link\" target=\"_self\" rel=\"noopener noreferrer\" onclick=\"return true;\"><span class=\"uagb-inline-editing\">Weiterlesen<\/span><\/a><\/div><\/div><\/div><\/div>\n<\/div><\/div>\n<\/div>\n\n\n\n<div class=\"wp-block-group is-layout-flex wp-block-group-is-layout-flex\">\n<div class=\"wp-block-uagb-container uagb-block-e55cbbf1 alignfull uagb-is-root-container\"><div class=\"uagb-container-inner-blocks-wrap\">\n<div class=\"wp-block-uagb-info-box uagb-block-0bee9766 uagb-infobox__content-wrap  uagb-infobox-icon-above-title uagb-infobox-image-valign-top wp-block-uagb-info-box--has-margin\"><div class=\"uagb-infobox-margin-wrapper\"><div class=\"uagb-ifb-content\"><div class=\"uagb-ifb-title-wrap\"><span class=\"uagb-ifb-title-prefix\">Nationaler Kabelanbieter<\/span><h4 class=\"uagb-ifb-title\"><strong>Kundenorientierte Transformation<\/strong><\/h4><\/div><p class=\"uagb-ifb-desc\">Vollst\u00e4ndige Transformation, beginnend mit der Umstrukturierung des Managementteams und des Kundendienstes; implementierung NPS- und Feedback-Routinen; Kommerzieller Aufschwung<\/p><div class=\"uagb-ifb-button-wrapper wp-block-button\"><a href=\"https:\/\/customerfirstpartners.com\/de\/?page_id=3300\" class=\"uagb-infobox-cta-link wp-block-button__link\" target=\"_self\" rel=\"noopener noreferrer\" onclick=\"return true;\"><span class=\"uagb-inline-editing\">Weiterlesen<\/span><\/a><\/div><\/div><\/div><\/div>\n<\/div><\/div>\n\n\n\n<div class=\"wp-block-uagb-container uagb-block-3556f717 alignfull uagb-is-root-container\"><div class=\"uagb-container-inner-blocks-wrap\">\n<div class=\"wp-block-uagb-info-box uagb-block-096980f5 uagb-infobox__content-wrap  uagb-infobox-icon-above-title uagb-infobox-image-valign-top wp-block-uagb-info-box--has-margin\"><div class=\"uagb-infobox-margin-wrapper\"><div class=\"uagb-ifb-content\"><div class=\"uagb-ifb-title-wrap\"><span class=\"uagb-ifb-title-prefix\">Regionalbank<\/span><h4 class=\"uagb-ifb-title\"><strong>NPS-Blaupause &amp; Pilot<\/strong><\/h4><\/div><p class=\"uagb-ifb-desc\">Entwicklung von Feedback-Routinen und Net Promoter System auf der Grundlage von Best Practices; Entwurf eines Rollout-Plans, Durchf\u00fchrung von Pilotprojekten, Abstimmung mit der Arbeitnehmervertretung, Auswahl des technischen Supports<\/p><div class=\"uagb-ifb-button-wrapper wp-block-button\"><a href=\"https:\/\/customerfirstpartners.com\/de\/?page_id=3295\" class=\"uagb-infobox-cta-link wp-block-button__link\" target=\"_self\" rel=\"noopener noreferrer\" onclick=\"return true;\"><span class=\"uagb-inline-editing\">Weiterlesen<\/span><\/a><\/div><\/div><\/div><\/div>\n<\/div><\/div>\n<\/div>\n\n\n\n<div class=\"wp-block-uagb-container uagb-block-d6f5acbc\">\n<div class=\"wp-block-uagb-container uagb-block-a4bf5599 alignfull uagb-is-root-container\"><div class=\"uagb-container-inner-blocks-wrap\">\n<div class=\"wp-block-uagb-info-box uagb-block-a710dc39 uagb-infobox__content-wrap  uagb-infobox-icon-above-title uagb-infobox-image-valign-top wp-block-uagb-info-box--has-margin\"><div class=\"uagb-infobox-margin-wrapper\"><div class=\"uagb-ifb-content\"><div class=\"uagb-ifb-title-wrap\"><span class=\"uagb-ifb-title-prefix\">Nationaler Telekommunikationsanbieter<\/span><h4 class=\"uagb-ifb-title\"><strong>Kundenorientierte Transformation<\/strong><\/h4><\/div><p class=\"uagb-ifb-desc\">Vollst\u00e4ndige Transformation, beginnend mit der NPSystem Implementierung, gefolgt von der Neugestaltung der Customer Journeys usw. Projekt im Private Equity Kontext <\/p><div class=\"uagb-ifb-button-wrapper wp-block-button\"><a href=\"https:\/\/customerfirstpartners.com\/de\/?page_id=3292\" class=\"uagb-infobox-cta-link wp-block-button__link\" target=\"_self\" rel=\"noopener noreferrer\" onclick=\"return true;\"><span class=\"uagb-inline-editing\">Weiterlesen<\/span><\/a><\/div><\/div><\/div><\/div>\n<\/div><\/div>\n\n\n\n<div class=\"wp-block-uagb-container uagb-block-fcde5e97 alignfull uagb-is-root-container\"><div class=\"uagb-container-inner-blocks-wrap\">\n<div class=\"wp-block-uagb-info-box uagb-block-aeb34b2c uagb-infobox__content-wrap  uagb-infobox-icon-above-title uagb-infobox-image-valign-top wp-block-uagb-info-box--has-margin\"><div class=\"uagb-infobox-margin-wrapper\"><div class=\"uagb-ifb-content\"><div class=\"uagb-ifb-title-wrap\"><span class=\"uagb-ifb-title-prefix\">Globales Kommunikationsunternehmen  <\/span><h4 class=\"uagb-ifb-title\"><strong>Schulungsprogramm f\u00fcr F\u00fchrungskr\u00e4fte<\/strong><\/h4><\/div><p class=\"uagb-ifb-desc\">Entwicklung eines Schulungsprogramms f\u00fcr F\u00fchrungskr\u00e4fte zur Kundenorientierung \u2013 eine der wichtigsten Priorit\u00e4ten des Unternehmens; Durchf\u00fchrung einer Reihe von Schulungen<\/p><div class=\"uagb-ifb-button-wrapper wp-block-button\"><a href=\"https:\/\/customerfirstpartners.com\/de\/?page_id=3289\" class=\"uagb-infobox-cta-link wp-block-button__link\" target=\"_self\" rel=\"noopener noreferrer\" onclick=\"return true;\"><span class=\"uagb-inline-editing\">Weiterlesen<\/span><\/a><\/div><\/div><\/div><\/div>\n<\/div><\/div>\n<\/div>\n<\/div><\/div>\n","protected":false},"excerpt":{"rendered":"","protected":false},"author":1,"featured_media":0,"parent":0,"menu_order":0,"comment_status":"closed","ping_status":"closed","template":"","meta":{"_uag_custom_page_level_css":"","_monsterinsights_skip_tracking":false,"_monsterinsights_sitenote_active":false,"_monsterinsights_sitenote_note":"","_monsterinsights_sitenote_category":0,"site-sidebar-layout":"no-sidebar","site-content-layout":"plain-container","ast-site-content-layout":"normal-width-container","site-content-style":"unboxed","site-sidebar-style":"unboxed","ast-global-header-display":"","ast-banner-title-visibility":"","ast-main-header-display":"","ast-hfb-above-header-display":"","ast-hfb-below-header-display":"","ast-hfb-mobile-header-display":"","site-post-title":"disabled","ast-breadcrumbs-content":"","ast-featured-img":"disabled","footer-sml-layout":"","ast-disable-related-posts":"","theme-transparent-header-meta":"enabled","adv-header-id-meta":"","stick-header-meta":"","header-above-stick-meta":"","header-main-stick-meta":"","header-below-stick-meta":"","astra-migrate-meta-layouts":"default","ast-page-background-enabled":"default","ast-page-background-meta":{"desktop":{"background-color":"var(--ast-global-color-4)","background-image":"","background-repeat":"repeat","background-position":"center center","background-size":"auto","background-attachment":"scroll","background-type":"","background-media":"","overlay-type":"","overlay-color":"","overlay-opacity":"","overlay-gradient":""},"tablet":{"background-color":"","background-image":"","background-repeat":"repeat","background-position":"center center","background-size":"auto","background-attachment":"scroll","background-type":"","background-media":"","overlay-type":"","overlay-color":"","overlay-opacity":"","overlay-gradient":""},"mobile":{"background-color":"","background-image":"","background-repeat":"repeat","background-position":"center center","background-size":"auto","background-attachment":"scroll","background-type":"","background-media":"","overlay-type":"","overlay-color":"","overlay-opacity":"","overlay-gradient":""}},"ast-content-background-meta":{"desktop":{"background-color":"var(--ast-global-color-5)","background-image":"","background-repeat":"repeat","background-position":"center center","background-size":"auto","background-attachment":"scroll","background-type":"","background-media":"","overlay-type":"","overlay-color":"","overlay-opacity":"","overlay-gradient":""},"tablet":{"background-color":"var(--ast-global-color-5)","background-image":"","background-repeat":"repeat","background-position":"center center","background-size":"auto","background-attachment":"scroll","background-type":"","background-media":"","overlay-type":"","overlay-color":"","overlay-opacity":"","overlay-gradient":""},"mobile":{"background-color":"var(--ast-global-color-5)","background-image":"","background-repeat":"repeat","background-position":"center center","background-size":"auto","background-attachment":"scroll","background-type":"","background-media":"","overlay-type":"","overlay-color":"","overlay-opacity":"","overlay-gradient":""}},"footnotes":""},"class_list":["post-3313","page","type-page","status-publish","hentry"],"aioseo_notices":[],"uagb_featured_image_src":{"full":false,"thumbnail":false,"medium":false,"medium_large":false,"large":false,"1536x1536":false,"2048x2048":false},"uagb_author_info":{"display_name":"relay_customerfirstpartners_com_7a3st@mrvh.de","author_link":"https:\/\/customerfirstpartners.com\/de\/author\/relay_customerfirstpartners_com_7a3stmrvh-de\/"},"uagb_comment_info":0,"uagb_excerpt":null,"_links":{"self":[{"href":"https:\/\/customerfirstpartners.com\/de\/wp-json\/wp\/v2\/pages\/3313","targetHints":{"allow":["GET"]}}],"collection":[{"href":"https:\/\/customerfirstpartners.com\/de\/wp-json\/wp\/v2\/pages"}],"about":[{"href":"https:\/\/customerfirstpartners.com\/de\/wp-json\/wp\/v2\/types\/page"}],"author":[{"embeddable":true,"href":"https:\/\/customerfirstpartners.com\/de\/wp-json\/wp\/v2\/users\/1"}],"replies":[{"embeddable":true,"href":"https:\/\/customerfirstpartners.com\/de\/wp-json\/wp\/v2\/comments?post=3313"}],"version-history":[{"count":5,"href":"https:\/\/customerfirstpartners.com\/de\/wp-json\/wp\/v2\/pages\/3313\/revisions"}],"predecessor-version":[{"id":3378,"href":"https:\/\/customerfirstpartners.com\/de\/wp-json\/wp\/v2\/pages\/3313\/revisions\/3378"}],"wp:attachment":[{"href":"https:\/\/customerfirstpartners.com\/de\/wp-json\/wp\/v2\/media?parent=3313"}],"curies":[{"name":"wp","href":"https:\/\/api.w.org\/{rel}","templated":true}]}}