{"id":3330,"date":"2025-01-14T17:35:10","date_gmt":"2025-01-14T16:35:10","guid":{"rendered":"https:\/\/customerfirstpartners.com\/dienste\/"},"modified":"2025-05-09T21:50:26","modified_gmt":"2025-05-09T20:50:26","slug":"beratungsangebot","status":"publish","type":"page","link":"https:\/\/customerfirstpartners.com\/de\/beratungsangebot\/","title":{"rendered":"Beratungsangebot"},"content":{"rendered":"\n<div class=\"wp-block-uagb-container uagb-block-49d17bf2 alignfull uagb-is-root-container\"><div class=\"uagb-container-inner-blocks-wrap\">\n<div class=\"wp-block-uagb-info-box uagb-block-441dcefd uagb-infobox__content-wrap  uagb-infobox-icon-above-title uagb-infobox-image-valign-top wp-block-uagb-info-box--has-margin\"><div class=\"uagb-infobox-margin-wrapper\"><div class=\"uagb-ifb-content\"><div class=\"uagb-ifb-title-wrap\"><div class=\"uagb-ifb-separator\"><\/div><h1 class=\"uagb-ifb-title\">Beratungsangebot<\/h1><\/div><p class=\"uagb-ifb-desc\">Wir bieten ma\u00dfgeschneiderte Beratungsservices, die darauf ausgelegt sind, Kundenerlebnisse zu transformieren, die Kundenbindung zu f\u00f6rdern und langfristiges Wachstum zu erm\u00f6glichen. Von der Strategieentwicklung bis zur Technologieintegration sorgt unser Know-how f\u00fcr L\u00f6sungen, die Ihren Anforderungen entsprechen. Entdecken Sie die Details unserer Dienstleistungen unten, um zu sehen, wie ich Ihre Ziele unterst\u00fctzen kann.  <\/p><\/div><\/div><\/div>\n<\/div><\/div>\n\n<div class=\"wp-block-uagb-container uagb-block-55360321 alignfull uagb-is-root-container\"><div class=\"uagb-container-inner-blocks-wrap\">\n<div class=\"wp-block-uagb-container uagb-block-4420efb4 default uagb-is-root-container\">\n<div class=\"wp-block-uagb-container uagb-block-74d7222a\">\n<div class=\"wp-block-uagb-container uagb-layout-flex uagb-block-9d4a9cb6 alignfull uagb-is-root-container\">\n<div class=\"wp-block-uagb-info-box uagb-block-d6194161 uagb-infobox__content-wrap  uagb-infobox-icon-above-title uagb-infobox-image-valign-middle wp-block-uagb-info-box--has-margin\"><div class=\"uagb-infobox-margin-wrapper\"><div class=\"uagb-ifb-content\"><div class=\"uagb-ifb-icon-wrap\"><svg xmlns=\"https:\/\/www.w3.org\/2000\/svg\" viewbox=\"0 0 512 512\"><path d=\"M500.3 443.7l-119.7-119.7c27.22-40.41 40.65-90.9 33.46-144.7C401.8 87.79 326.8 13.32 235.2 1.723C99.01-15.51-15.51 99.01 1.724 235.2c11.6 91.64 86.08 166.7 177.6 178.9c53.8 7.189 104.3-6.236 144.7-33.46l119.7 119.7c15.62 15.62 40.95 15.62 56.57 0C515.9 484.7 515.9 459.3 500.3 443.7zM79.1 208c0-70.58 57.42-128 128-128s128 57.42 128 128c0 70.58-57.42 128-128 128S79.1 278.6 79.1 208z\"><\/path><\/svg><\/div><div class=\"uagb-ifb-title-wrap\"><span class=\"uagb-ifb-title-prefix\"><em>ein bis wenige Tage<\/em><\/span><h4 class=\"uagb-ifb-title\"><strong>Fokussierte Unterst\u00fctzung<\/strong><br\/> <\/h4><\/div><p class=\"uagb-ifb-desc\">Hochgradig fokussierte, kurzfristige Unterst\u00fctzung, die darauf ausgelegt ist, spezifische CX-Herausforderungen und -Chancen zu bew\u00e4ltigen oder auf ein ganz bestimmtes Ergebnis ausgerichtet. Beinhaltet Keynote-Vortr\u00e4ge, Workshops f\u00fcr das Senior Management, Projekt- oder Schulungs-Kick-offs. <\/p><div class=\"uagb-ifb-button-wrapper wp-block-button\"><a href=\"https:\/\/customerfirstpartners.com\/services\/focused-support\/\" class=\"uagb-infobox-cta-link wp-block-button__link\" target=\"_self\" rel=\"noopener noreferrer\" onclick=\"return true;\"><span class=\"uagb-inline-editing\">MEHR ERFAHREN<\/span><\/a><\/div><\/div><\/div><\/div>\n<\/div>\n\n\n\n<div class=\"wp-block-uagb-container uagb-block-add290b7 alignfull uagb-is-root-container\">\n<div class=\"wp-block-uagb-info-box uagb-block-375d1350 uagb-infobox__content-wrap  uagb-infobox-icon-above-title uagb-infobox-image-valign-top wp-block-uagb-info-box--has-margin\"><div class=\"uagb-infobox-margin-wrapper\"><div class=\"uagb-ifb-content\"><div class=\"uagb-ifb-icon-wrap\"><svg xmlns=\"https:\/\/www.w3.org\/2000\/svg\" viewbox=\"0 0 512 512\"><path d=\"M32 32C49.67 32 64 46.33 64 64V400C64 408.8 71.16 416 80 416H480C497.7 416 512 430.3 512 448C512 465.7 497.7 480 480 480H80C35.82 480 0 444.2 0 400V64C0 46.33 14.33 32 32 32zM128 128C128 110.3 142.3 96 160 96H256C273.7 96 288 110.3 288 128C288 145.7 273.7 160 256 160H160C142.3 160 128 145.7 128 128zM352 192C369.7 192 384 206.3 384 224C384 241.7 369.7 256 352 256H224C206.3 256 192 241.7 192 224C192 206.3 206.3 192 224 192H352zM448 288C465.7 288 480 302.3 480 320C480 337.7 465.7 352 448 352H384C366.3 352 352 337.7 352 320C352 302.3 366.3 288 384 288H448z\"><\/path><\/svg><\/div><div class=\"uagb-ifb-title-wrap\"><span class=\"uagb-ifb-title-prefix\"><em>mehrere Tage \/ wenige Wochen en bloc<\/em><\/span><h4 class=\"uagb-ifb-title\"><strong>Unterst\u00fctzung f\u00fcr bestimmtes Projekt oder Projektphase,<\/strong> <strong>Ziel oder Ergebnis<\/strong><\/h4><\/div><p class=\"uagb-ifb-desc\">Unterst\u00fctzung bei der Erreichung von Zwischenzielen oder -ergebnissen, wie z. B. der Definition einer Roadmap oder einer ausgew\u00e4hlten Phase in der Neugestaltung der Customer Journeys, der Gestaltung von Feedback-Routinen oder der Einrichtung von Mechanismen zur Verhinderung von Abwanderung und vielen weiteren \u00e4hnlichen Zielen.<\/p><div class=\"uagb-ifb-button-wrapper wp-block-button\"><a href=\"https:\/\/customerfirstpartners.com\/services\/support-for-selected-project-phase-objective-or-outcome\/\" class=\"uagb-infobox-cta-link wp-block-button__link\" target=\"_self\" rel=\"noopener noreferrer\" onclick=\"return true;\"><span class=\"uagb-inline-editing\">MEHR ERFAHREN<\/span><\/a><\/div><\/div><\/div><\/div>\n<\/div>\n<\/div>\n\n\n\n<div class=\"wp-block-uagb-container uagb-block-39dff4b5\">\n<div class=\"wp-block-uagb-container uagb-layout-flex uagb-block-79c696a4 alignfull uagb-is-root-container\">\n<div class=\"wp-block-uagb-info-box uagb-block-4a046518 uagb-infobox__content-wrap  uagb-infobox-icon-above-title uagb-infobox-image-valign-top wp-block-uagb-info-box--has-margin\"><div class=\"uagb-infobox-margin-wrapper\"><div class=\"uagb-ifb-content\"><div class=\"uagb-ifb-icon-wrap\"><svg xmlns=\"https:\/\/www.w3.org\/2000\/svg\" viewbox=\"0 0 512 512\"><path d=\"M480 256c-17.67 0-32 14.31-32 32c0 52.94-43.06 96-96 96H192L192 344c0-9.469-5.578-18.06-14.23-21.94C169.1 318.3 159 319.8 151.9 326.2l-80 72C66.89 402.7 64 409.2 64 416s2.891 13.28 7.938 17.84l80 72C156.4 509.9 162.2 512 168 512c3.312 0 6.615-.6875 9.756-2.062C186.4 506.1 192 497.5 192 488L192 448h160c88.22 0 160-71.78 160-160C512 270.3 497.7 256 480 256zM160 128h159.1L320 168c0 9.469 5.578 18.06 14.23 21.94C337.4 191.3 340.7 192 343.1 192c5.812 0 11.57-2.125 16.07-6.156l80-72C445.1 109.3 448 102.8 448 95.1s-2.891-13.28-7.938-17.84l-80-72c-7.047-6.312-17.19-7.875-25.83-4.094C325.6 5.938 319.1 14.53 319.1 24L320 64H160C71.78 64 0 135.8 0 224c0 17.69 14.33 32 32 32s32-14.31 32-32C64 171.1 107.1 128 160 128z\"><\/path><\/svg><\/div><div class=\"uagb-ifb-title-wrap\"><span class=\"uagb-ifb-title-prefix\"><em>mehrere Wochen \u00fcber einen l\u00e4ngeren Zeitraum<\/em><\/span><h4 class=\"uagb-ifb-title\"><strong>Laufende Unterst\u00fctzung, Interventionen, Sicherstellen der Umsetzung von Ma\u00dfnahmen oder Erreichen von Ergebnissen<\/strong><\/h4><\/div><p class=\"uagb-ifb-desc\">Unterst\u00fctzung \u00fcber einen l\u00e4ngeren Zeitraum mit definierten Unterst\u00fctzungsleistungen oder einem &#8222;On-Demand&#8220;-Modell; kann die Sicherstellung der CX-Roadmap und die Mobilisierung der Belegschaft umfassen; auch Auswahlverfahren zur Technologieunterst\u00fctzung oder Abstimmung mit der Arbeitnehmervertretung z.B. Betriebsrat.<\/p><div class=\"uagb-ifb-button-wrapper wp-block-button\"><a href=\"https:\/\/customerfirstpartners.com\/services\/ongoing-support\/\" class=\"uagb-infobox-cta-link wp-block-button__link\" target=\"_self\" rel=\"noopener noreferrer\" onclick=\"return true;\"><span class=\"uagb-inline-editing\">MEHR ERFAHREN<\/span><\/a><\/div><\/div><\/div><\/div>\n<\/div>\n\n\n\n<div class=\"wp-block-uagb-container uagb-layout-flex uagb-block-86540afb alignfull uagb-is-root-container\">\n<div class=\"wp-block-uagb-info-box uagb-block-0664ff1b uagb-infobox__content-wrap  uagb-infobox-icon-above-title uagb-infobox-image-valign-top wp-block-uagb-info-box--has-margin\"><div class=\"uagb-infobox-margin-wrapper\"><div class=\"uagb-ifb-content\"><div class=\"uagb-ifb-icon-wrap\"><svg xmlns=\"https:\/\/www.w3.org\/2000\/svg\" viewbox=\"0 0 512 512\"><path d=\"M320 336c0 8.844-7.156 16-16 16h-96C199.2 352 192 344.8 192 336V288H0v144C0 457.6 22.41 480 48 480h416c25.59 0 48-22.41 48-48V288h-192V336zM464 96H384V48C384 22.41 361.6 0 336 0h-160C150.4 0 128 22.41 128 48V96H48C22.41 96 0 118.4 0 144V256h512V144C512 118.4 489.6 96 464 96zM336 96h-160V48h160V96z\"><\/path><\/svg><\/div><div class=\"uagb-ifb-title-wrap\"><span class=\"uagb-ifb-title-prefix\"><em><em>Vollzeit f\u00fcr einen definierten Zeitraum<\/em><\/em><\/span><h4 class=\"uagb-ifb-title\"><strong><strong>Projekt-\/ Programm-\/ Interimsmanagement<\/strong><\/strong><br\/> <\/h4><\/div><p class=\"uagb-ifb-desc\">Die Unterst\u00fctzung von Organisationen bei ihrer kundenzentrierten Transformation durch die Vertretung von hauptamtlichen (internen) Managern, F\u00fchrungskr\u00e4ften, Projekt-, Programm- oder Transformationsleitern umfasst Projekt- und Linienf\u00fchrungssituationen.<\/p><div class=\"uagb-ifb-button-wrapper wp-block-button\"><a href=\"\/de\/beratungsangebot\/projektmanagement\/\" class=\"uagb-infobox-cta-link wp-block-button__link\" target=\"_self\" rel=\"noopener noreferrer\" onclick=\"return true;\"><span class=\"uagb-inline-editing\">MEHR ERFAHREN<\/span><\/a><\/div><\/div><\/div><\/div>\n<\/div>\n<\/div>\n<\/div>\n\n\n\n<div class=\"wp-block-uagb-info-box uagb-block-4c8f3bcd uagb-infobox__content-wrap  uagb-infobox-icon-above-title uagb-infobox-image-valign-top wp-block-uagb-info-box--has-margin\"><div class=\"uagb-infobox-margin-wrapper\"><div class=\"uagb-ifb-content\"><div class=\"uagb-ifb-icon-wrap\"><svg xmlns=\"https:\/\/www.w3.org\/2000\/svg\" viewbox=\"0 0 640 512\"><path d=\"M128 95.1c26.5 0 47.1-21.5 47.1-47.1S154.5 0 128 0S80.01 21.5 80.01 47.1S101.5 95.1 128 95.1zM511.1 95.1c26.5 0 47.1-21.5 47.1-47.1S538.5 0 511.1 0c-26.5 0-48 21.5-48 47.1S485.5 95.1 511.1 95.1zM603.5 258.3l-18.5-80.13c-4.625-20-18.62-36.88-37.5-44.88c-18.5-8-38.1-6.75-56.12 3.25c-22.62 13.38-39.62 34.5-48.12 59.38l-11.25 33.88l-15.1 10.25L415.1 144c0-8.75-7.25-16-16-16H240c-8.75 0-16 7.25-16 16L224 239.1l-16.12-10.25l-11.25-33.88c-8.375-25-25.38-46-48.12-59.38c-17.25-10-37.63-11.25-56.12-3.25c-18.88 8-32.88 24.88-37.5 44.88l-18.37 80.13c-4.625 20 .7506 41.25 14.37 56.75l67.25 75.88l10.12 92.63C130 499.8 143.8 512 160 512c1.25 0 2.25-.125 3.5-.25c17.62-1.875 30.25-17.62 28.25-35.25l-10-92.75c-1.5-13-7-25.12-15.62-35l-43.37-49l17.62-70.38l6.876 20.38c4 12.5 11.87 23.5 24.5 32.63l51 32.5c4.623 2.875 12.12 4.625 17.25 5h159.1c5.125-.375 12.62-2.125 17.25-5l51-32.5c12.62-9.125 20.5-20 24.5-32.63l6.875-20.38l17.63 70.38l-43.37 49c-8.625 9.875-14.12 22-15.62 35l-10 92.75c-2 17.62 10.75 33.38 28.25 35.25C477.7 511.9 478.7 512 479.1 512c16.12 0 29.1-12.12 31.75-28.5l10.12-92.63L589.1 315C602.7 299.5 608.1 278.3 603.5 258.3zM46.26 358.1l-44 110c-6.5 16.38 1.5 35 17.88 41.63c16.75 6.5 35.12-1.75 41.62-17.88l27.62-69.13l-2-18.25L46.26 358.1zM637.7 468.1l-43.1-110l-41.13 46.38l-2 18.25l27.62 69.13C583.2 504.4 595.2 512 607.1 512c3.998 0 7.998-.75 11.87-2.25C636.2 503.1 644.2 484.5 637.7 468.1z\"><\/path><\/svg><\/div><div class=\"uagb-ifb-separator\"><\/div><div class=\"uagb-ifb-title-wrap\"><h3 class=\"uagb-ifb-title\">Lassen Sie uns zusammenarbeiten, um Ihr Kundenerlebnis zu verbessern<\/h3><\/div><p class=\"uagb-ifb-desc\">Der Weg eines jeden Unternehmens zur Kundenorientierung ist einzigartig. Ganz gleich, ob Sie Unterst\u00fctzung bei der Definition Ihrer Strategie, der Implementierung von NPS-Routinen oder dem Vorantreiben des Kulturwandels ben\u00f6tigen, wir sind f\u00fcr Sie da. Unsere Beratungsleistungen sind darauf ausgelegt, <strong>Ihre internen Teams<\/strong> in die Lage zu versetzen, die <strong>F\u00fchrung bei der Transformation des Kundenerlebnisses<\/strong> zu \u00fcbernehmen, w\u00e4hrend wir das notwendige Fachwissen, die Struktur und den Schwung bereitstellen.    <br\/><br\/>Sollte Ihr Unternehmen mit Ressourcenengp\u00e4ssen konfrontiert sein, k\u00f6nnen wir auch <strong>als Interim-Manager einspringen<\/strong> , um die reibungslose Umsetzung wichtiger Initiativen zu gew\u00e4hrleisten.  <br\/><br\/>Nehmen Sie noch heute Kontakt mit uns auf, um Ihre spezifische Situation zu besprechen, und wir k\u00f6nnen gemeinsam eine ma\u00dfgeschneiderte L\u00f6sung entwickeln, die auf Ihre Bed\u00fcrfnisse und Ziele zugeschnitten ist.<br\/><\/p><div class=\"uagb-ifb-button-wrapper wp-block-button\"><a href=\"\/#connect\" class=\"uagb-infobox-cta-link wp-block-button__link\" target=\"_self\" rel=\"noopener noreferrer\" onclick=\"return true;\"><span class=\"uagb-inline-editing\">KONTAKT AUFNEHMEN<\/span><\/a><\/div><\/div><\/div><\/div>\n<\/div><\/div>\n","protected":false},"excerpt":{"rendered":"","protected":false},"author":1,"featured_media":0,"parent":0,"menu_order":0,"comment_status":"closed","ping_status":"closed","template":"","meta":{"_uag_custom_page_level_css":"","_monsterinsights_skip_tracking":false,"_monsterinsights_sitenote_active":false,"_monsterinsights_sitenote_note":"","_monsterinsights_sitenote_category":0,"site-sidebar-layout":"no-sidebar","site-content-layout":"plain-container","ast-site-content-layout":"normal-width-container","site-content-style":"unboxed","site-sidebar-style":"unboxed","ast-global-header-display":"","ast-banner-title-visibility":"","ast-main-header-display":"","ast-hfb-above-header-display":"","ast-hfb-below-header-display":"","ast-hfb-mobile-header-display":"","site-post-title":"disabled","ast-breadcrumbs-content":"","ast-featured-img":"disabled","footer-sml-layout":"","ast-disable-related-posts":"","theme-transparent-header-meta":"enabled","adv-header-id-meta":"","stick-header-meta":"","header-above-stick-meta":"","header-main-stick-meta":"","header-below-stick-meta":"","astra-migrate-meta-layouts":"set","ast-page-background-enabled":"default","ast-page-background-meta":{"desktop":{"background-color":"var(--ast-global-color-4)","background-image":"","background-repeat":"repeat","background-position":"center center","background-size":"auto","background-attachment":"scroll","background-type":"","background-media":"","overlay-type":"","overlay-color":"","overlay-opacity":"","overlay-gradient":""},"tablet":{"background-color":"","background-image":"","background-repeat":"repeat","background-position":"center center","background-size":"auto","background-attachment":"scroll","background-type":"","background-media":"","overlay-type":"","overlay-color":"","overlay-opacity":"","overlay-gradient":""},"mobile":{"background-color":"","background-image":"","background-repeat":"repeat","background-position":"center center","background-size":"auto","background-attachment":"scroll","background-type":"","background-media":"","overlay-type":"","overlay-color":"","overlay-opacity":"","overlay-gradient":""}},"ast-content-background-meta":{"desktop":{"background-color":"var(--ast-global-color-5)","background-image":"","background-repeat":"repeat","background-position":"center center","background-size":"auto","background-attachment":"scroll","background-type":"","background-media":"","overlay-type":"","overlay-color":"","overlay-opacity":"","overlay-gradient":""},"tablet":{"background-color":"var(--ast-global-color-5)","background-image":"","background-repeat":"repeat","background-position":"center center","background-size":"auto","background-attachment":"scroll","background-type":"","background-media":"","overlay-type":"","overlay-color":"","overlay-opacity":"","overlay-gradient":""},"mobile":{"background-color":"var(--ast-global-color-5)","background-image":"","background-repeat":"repeat","background-position":"center center","background-size":"auto","background-attachment":"scroll","background-type":"","background-media":"","overlay-type":"","overlay-color":"","overlay-opacity":"","overlay-gradient":""}},"footnotes":""},"class_list":["post-3330","page","type-page","status-publish","hentry"],"aioseo_notices":[],"uagb_featured_image_src":{"full":false,"thumbnail":false,"medium":false,"medium_large":false,"large":false,"1536x1536":false,"2048x2048":false},"uagb_author_info":{"display_name":"relay_customerfirstpartners_com_7a3st@mrvh.de","author_link":"https:\/\/customerfirstpartners.com\/de\/author\/relay_customerfirstpartners_com_7a3stmrvh-de\/"},"uagb_comment_info":0,"uagb_excerpt":null,"_links":{"self":[{"href":"https:\/\/customerfirstpartners.com\/de\/wp-json\/wp\/v2\/pages\/3330","targetHints":{"allow":["GET"]}}],"collection":[{"href":"https:\/\/customerfirstpartners.com\/de\/wp-json\/wp\/v2\/pages"}],"about":[{"href":"https:\/\/customerfirstpartners.com\/de\/wp-json\/wp\/v2\/types\/page"}],"author":[{"embeddable":true,"href":"https:\/\/customerfirstpartners.com\/de\/wp-json\/wp\/v2\/users\/1"}],"replies":[{"embeddable":true,"href":"https:\/\/customerfirstpartners.com\/de\/wp-json\/wp\/v2\/comments?post=3330"}],"version-history":[{"count":14,"href":"https:\/\/customerfirstpartners.com\/de\/wp-json\/wp\/v2\/pages\/3330\/revisions"}],"predecessor-version":[{"id":3527,"href":"https:\/\/customerfirstpartners.com\/de\/wp-json\/wp\/v2\/pages\/3330\/revisions\/3527"}],"wp:attachment":[{"href":"https:\/\/customerfirstpartners.com\/de\/wp-json\/wp\/v2\/media?parent=3330"}],"curies":[{"name":"wp","href":"https:\/\/api.w.org\/{rel}","templated":true}]}}