{"id":3333,"date":"2025-01-28T11:10:30","date_gmt":"2025-01-28T10:10:30","guid":{"rendered":"https:\/\/customerfirstpartners.com\/dienste\/fokussierte-unterstuetzung\/"},"modified":"2025-05-12T21:18:17","modified_gmt":"2025-05-12T20:18:17","slug":"fokussierte-unterstuetzung","status":"publish","type":"page","link":"https:\/\/customerfirstpartners.com\/de\/beratungsangebot\/fokussierte-unterstuetzung\/","title":{"rendered":"Fokussierte Unterst\u00fctzung"},"content":{"rendered":"\n<div class=\"wp-block-uagb-container uagb-block-49d17bf2 alignfull uagb-is-root-container\"><div class=\"uagb-container-inner-blocks-wrap\">\n<div class=\"wp-block-uagb-info-box uagb-block-441dcefd uagb-infobox__content-wrap  uagb-infobox-icon-above-title uagb-infobox-image-valign-top wp-block-uagb-info-box--has-margin\"><div class=\"uagb-infobox-margin-wrapper\"><div class=\"uagb-ifb-content\"><div class=\"uagb-ifb-title-wrap\"><div class=\"uagb-ifb-separator\"><\/div><h1 class=\"uagb-ifb-title\">Fokussierte Unterst\u00fctzung<\/h1><\/div><\/div><\/div><\/div>\n<\/div><\/div>\n\n<div id=\"focused-support\" class=\"wp-block-uagb-container uagb-block-beb3ac1d alignfull uagb-is-root-container\"><div class=\"uagb-container-inner-blocks-wrap\">\n<p>Beratungsunterst\u00fctzung, die auf eine ganz bestimmte Situation, Herausforderung oder ein erw\u00fcnschtes Ergebnis ausgerichtet ist, inkl. Impulsvortr\u00e4ge, Senior Management Workshops, Projekt- oder Trainings-Kick-offs <\/p>\n\n\n\n<div class=\"wp-block-uagb-info-box uagb-block-e90cf0e2 uagb-infobox__content-wrap  uagb-infobox-icon-left uagb-infobox-left uagb-infobox-stacked-tablet uagb-infobox-image-valign-top\"><div class=\"uagb-ifb-icon-wrap\"><svg xmlns=\"https:\/\/www.w3.org\/2000\/svg\" viewbox=\"0 0 448 512\"><path d=\"M160 32V64H288V32C288 14.33 302.3 0 320 0C337.7 0 352 14.33 352 32V64H400C426.5 64 448 85.49 448 112V160H0V112C0 85.49 21.49 64 48 64H96V32C96 14.33 110.3 0 128 0C145.7 0 160 14.33 160 32zM0 192H448V464C448 490.5 426.5 512 400 512H48C21.49 512 0 490.5 0 464V192zM64 304C64 312.8 71.16 320 80 320H112C120.8 320 128 312.8 128 304V272C128 263.2 120.8 256 112 256H80C71.16 256 64 263.2 64 272V304zM192 304C192 312.8 199.2 320 208 320H240C248.8 320 256 312.8 256 304V272C256 263.2 248.8 256 240 256H208C199.2 256 192 263.2 192 272V304zM336 256C327.2 256 320 263.2 320 272V304C320 312.8 327.2 320 336 320H368C376.8 320 384 312.8 384 304V272C384 263.2 376.8 256 368 256H336zM64 432C64 440.8 71.16 448 80 448H112C120.8 448 128 440.8 128 432V400C128 391.2 120.8 384 112 384H80C71.16 384 64 391.2 64 400V432zM208 384C199.2 384 192 391.2 192 400V432C192 440.8 199.2 448 208 448H240C248.8 448 256 440.8 256 432V400C256 391.2 248.8 384 240 384H208zM320 432C320 440.8 327.2 448 336 448H368C376.8 448 384 440.8 384 432V400C384 391.2 376.8 384 368 384H336C327.2 384 320 391.2 320 400V432z\"><\/path><\/svg><\/div><div class=\"uagb-ifb-content\"><div class=\"uagb-ifb-title-wrap\"><h3 class=\"uagb-ifb-title\">Zeitrahmen: ein bis wenige Tage<\/h3><\/div><\/div><\/div>\n\n\n\n<div class=\"wp-block-uagb-separator uagb-block-b62a811d\"><div class=\"wp-block-uagb-separator__inner\" style=\"--my-background-image:\"><\/div><\/div>\n\n\n\n<p>Unternehmen stehen oft vor dringenden oder hochpriorit\u00e4ren CX-Herausforderungen, die sofortige, gezielte Unterst\u00fctzung erfordern, um bestimmte Probleme anzugehen oder Chancen zu nutzen. Ganz gleich, ob es darum geht, die F\u00fchrungsmannschaft auf strategische Priorit\u00e4ten auszurichten, wichtige Initiativen zu starten oder Expertenwissen durch Workshops zu vermitteln \u2013 Unternehmen ben\u00f6tigen schnelle und effektive Interventionen, um Dynamik und Klarheit in ihren CX-Bem\u00fchungen zu gew\u00e4hrleisten. <\/p>\n\n\n\n<div class=\"wp-block-uagb-info-box uagb-block-44e406e8 uagb-infobox__content-wrap  uagb-infobox-icon-above-title uagb-infobox-image-valign-top\"><div class=\"uagb-ifb-content\"><div class=\"uagb-ifb-title-wrap\"><h3 class=\"uagb-ifb-title\">Erbrachte Beratungsleistungen<\/h3><\/div><p class=\"uagb-ifb-desc\">Wir bieten hochgradig fokussierte, kurzfristige Unterst\u00fctzung, die darauf ausgelegt ist, spezifische CX-Herausforderungen und -Chancen zu bew\u00e4ltigen, darunter:<\/p><\/div><\/div>\n\n\n\n<div class=\"wp-block-uagb-container uagb-layout-grid uagb-block-8c2eeb09\">\n<div class=\"wp-block-uagb-container uagb-block-b17750bc\">\n<div class=\"wp-block-uagb-info-box uagb-block-3e20adad uagb-infobox__content-wrap  uagb-infobox-icon-above-title uagb-infobox-image-valign-top wp-block-uagb-info-box--has-margin\"><div class=\"uagb-infobox-margin-wrapper\"><div class=\"uagb-ifb-content\"><div class=\"uagb-ifb-icon-wrap\"><svg xmlns=\"https:\/\/www.w3.org\/2000\/svg\" viewbox=\"0 0 384 512\"><path d=\"M192 352c53.03 0 96-42.97 96-96h-80C199.2 256 192 248.8 192 240S199.2 224 208 224H288V192h-80C199.2 192 192 184.8 192 176S199.2 160 208 160H288V127.1h-80c-8.836 0-16-7.164-16-16s7.164-16 16-16L288 96c0-53.03-42.97-96-96-96s-96 42.97-96 96v160C96 309 138.1 352 192 352zM344 192C330.7 192 320 202.7 320 215.1V256c0 73.33-61.97 132.4-136.3 127.7c-66.08-4.169-119.7-66.59-119.7-132.8L64 215.1C64 202.7 53.25 192 40 192S16 202.7 16 215.1v32.15c0 89.66 63.97 169.6 152 181.7V464H128c-18.19 0-32.84 15.18-31.96 33.57C96.43 505.8 103.8 512 112 512h160c8.222 0 15.57-6.216 15.96-14.43C288.8 479.2 274.2 464 256 464h-40v-33.77C301.7 418.5 368 344.9 368 256V215.1C368 202.7 357.3 192 344 192z\"><\/path><\/svg><\/div><div class=\"uagb-ifb-title-wrap\"><h4 class=\"uagb-ifb-title\">Impulsvortr\u00e4ge &amp; Expertengespr\u00e4che<\/h4><\/div><p class=\"uagb-ifb-desc\">Wir halten wirkungsvolle Pr\u00e4sentationen \u00fcber kundenorientierte Strategien, Branchentrends und Best Practices, um F\u00fchrungskr\u00e4fte und Teams zu inspirieren.<\/p><\/div><\/div><\/div>\n<\/div>\n\n\n\n<div class=\"wp-block-uagb-container uagb-block-89a74441\">\n<div class=\"wp-block-uagb-info-box uagb-block-56970b64 uagb-infobox__content-wrap  uagb-infobox-icon-above-title uagb-infobox-image-valign-top wp-block-uagb-info-box--has-margin\"><div class=\"uagb-infobox-margin-wrapper\"><div class=\"uagb-ifb-content\"><div class=\"uagb-ifb-icon-wrap\"><svg xmlns=\"https:\/\/www.w3.org\/2000\/svg\" viewbox=\"0 0 640 512\"><path d=\"M623.5 164C638.1 172.6 644.6 192.1 635.1 207.5C627.4 222.1 607.9 228.6 592.5 219.1L319.1 68.61L47.54 219.1C32.09 228.6 12.61 222.1 4.025 207.5C-4.558 192.1 1.008 172.6 16.46 164L304.5 4.027C314.1-1.342 325.9-1.342 335.5 4.027L623.5 164zM279.1 200C279.1 177.9 297.9 160 319.1 160C342.1 160 359.1 177.9 359.1 200C359.1 222.1 342.1 240 319.1 240C297.9 240 279.1 222.1 279.1 200zM103.1 296C103.1 273.9 121.9 256 143.1 256C166.1 256 183.1 273.9 183.1 296C183.1 318.1 166.1 336 143.1 336C121.9 336 103.1 318.1 103.1 296V296zM535.1 296C535.1 318.1 518.1 336 495.1 336C473.9 336 455.1 318.1 455.1 296C455.1 273.9 473.9 256 495.1 256C518.1 256 535.1 273.9 535.1 296zM226.9 491.4L199.1 441.5V480C199.1 497.7 185.7 512 167.1 512H119.1C102.3 512 87.1 497.7 87.1 480V441.5L61.13 491.4C54.84 503 40.29 507.4 28.62 501.1C16.95 494.8 12.58 480.3 18.87 468.6L56.74 398.3C72.09 369.8 101.9 352 134.2 352H153.8C170.1 352 185.7 356.5 199.2 364.6L232.7 302.3C248.1 273.8 277.9 255.1 310.2 255.1H329.8C362.1 255.1 391.9 273.8 407.3 302.3L440.8 364.6C454.3 356.5 469.9 352 486.2 352H505.8C538.1 352 567.9 369.8 583.3 398.3L621.1 468.6C627.4 480.3 623 494.8 611.4 501.1C599.7 507.4 585.2 503 578.9 491.4L551.1 441.5V480C551.1 497.7 537.7 512 519.1 512H471.1C454.3 512 439.1 497.7 439.1 480V441.5L413.1 491.4C406.8 503 392.3 507.4 380.6 501.1C368.1 494.8 364.6 480.3 370.9 468.6L407.2 401.1C405.5 399.5 404 397.6 402.9 395.4L375.1 345.5V400C375.1 417.7 361.7 432 343.1 432H295.1C278.3 432 263.1 417.7 263.1 400V345.5L237.1 395.4C235.1 397.6 234.5 399.5 232.8 401.1L269.1 468.6C275.4 480.3 271 494.8 259.4 501.1C247.7 507.4 233.2 503 226.9 491.4H226.9z\"><\/path><\/svg><\/div><div class=\"uagb-ifb-title-wrap\"><h4 class=\"uagb-ifb-title\">Workshops f\u00fcr F\u00fchrungskr\u00e4fte<\/h4><\/div><p class=\"uagb-ifb-desc\">Moderation von Executive Sessions, um sich auf die CX-Vision abzustimmen, Priorit\u00e4ten zu definieren und die strategische Entscheidungsfindung voranzutreiben.<\/p><\/div><\/div><\/div>\n<\/div>\n\n\n\n<div class=\"wp-block-uagb-container uagb-block-698b67aa\">\n<div class=\"wp-block-uagb-info-box uagb-block-e8fb53ab uagb-infobox__content-wrap  uagb-infobox-icon-above-title uagb-infobox-image-valign-top wp-block-uagb-info-box--has-margin\"><div class=\"uagb-infobox-margin-wrapper\"><div class=\"uagb-ifb-content\"><div class=\"uagb-ifb-icon-wrap\"><svg xmlns=\"https:\/\/www.w3.org\/2000\/svg\" viewbox=\"0 0 512 512\"><path d=\"M512 256C512 397.4 397.4 512 256 512C114.6 512 0 397.4 0 256C0 114.6 114.6 0 256 0C397.4 0 512 114.6 512 256zM176 168V344C176 352.7 180.7 360.7 188.3 364.9C195.8 369.2 205.1 369 212.5 364.5L356.5 276.5C363.6 272.1 368 264.4 368 256C368 247.6 363.6 239.9 356.5 235.5L212.5 147.5C205.1 142.1 195.8 142.8 188.3 147.1C180.7 151.3 176 159.3 176 168V168z\"><\/path><\/svg><\/div><div class=\"uagb-ifb-title-wrap\"><h4 class=\"uagb-ifb-title\">Projekt-Kick-Offs<\/h4><\/div><p class=\"uagb-ifb-desc\">Strukturierung und Begleitung der Einf\u00fchrung wichtiger CX-Initiativen, Sicherstellung klarer Ziele, Ausrichtung der Stakeholder und umsetzbarer n\u00e4chster Schritte.<\/p><\/div><\/div><\/div>\n<\/div>\n\n\n\n<div class=\"wp-block-uagb-container uagb-block-a242cafc\">\n<div class=\"wp-block-uagb-info-box uagb-block-75394b47 uagb-infobox__content-wrap  uagb-infobox-icon-above-title uagb-infobox-image-valign-top wp-block-uagb-info-box--has-margin\"><div class=\"uagb-infobox-margin-wrapper\"><div class=\"uagb-ifb-content\"><div class=\"uagb-ifb-icon-wrap\"><svg xmlns=\"https:\/\/www.w3.org\/2000\/svg\" viewbox=\"0 0 512 512\"><path d=\"M320 488C320 497.5 314.4 506.1 305.8 509.9C297.1 513.8 286.1 512.2 279.9 505.8L199.9 433.8C194.9 429.3 192 422.8 192 416C192 409.2 194.9 402.7 199.9 398.2L279.9 326.2C286.1 319.8 297.1 318.2 305.8 322.1C314.4 325.9 320 334.5 320 344V384H336C371.3 384 400 355.3 400 320V153.3C371.7 140.1 352 112.8 352 80C352 35.82 387.8 0 432 0C476.2 0 512 35.82 512 80C512 112.8 492.3 140.1 464 153.3V320C464 390.7 406.7 448 336 448H320V488zM456 79.1C456 66.74 445.3 55.1 432 55.1C418.7 55.1 408 66.74 408 79.1C408 93.25 418.7 103.1 432 103.1C445.3 103.1 456 93.25 456 79.1zM192 24C192 14.52 197.6 5.932 206.2 2.076C214.9-1.78 225-.1789 232.1 6.161L312.1 78.16C317.1 82.71 320 89.2 320 96C320 102.8 317.1 109.3 312.1 113.8L232.1 185.8C225 192.2 214.9 193.8 206.2 189.9C197.6 186.1 192 177.5 192 168V128H176C140.7 128 112 156.7 112 192V358.7C140.3 371 160 399.2 160 432C160 476.2 124.2 512 80 512C35.82 512 0 476.2 0 432C0 399.2 19.75 371 48 358.7V192C48 121.3 105.3 64 176 64H192V24zM56 432C56 445.3 66.75 456 80 456C93.25 456 104 445.3 104 432C104 418.7 93.25 408 80 408C66.75 408 56 418.7 56 432z\"><\/path><\/svg><\/div><div class=\"uagb-ifb-title-wrap\"><h4 class=\"uagb-ifb-title\">Training &amp; Mobilisierung<\/h4><\/div><p class=\"uagb-ifb-desc\">Durchf\u00fchrung gezielter Schulungsprogramme, um Teams mit dem Wissen und den Tools auszustatten, die f\u00fcr den CX-Erfolg erforderlich sind.<\/p><\/div><\/div><\/div>\n<\/div>\n\n\n\n<div class=\"wp-block-uagb-container uagb-block-06e7f849\">\n<div class=\"wp-block-uagb-info-box uagb-block-4f6dc622 uagb-infobox__content-wrap  uagb-infobox-icon-above-title uagb-infobox-image-valign-top wp-block-uagb-info-box--has-margin\"><div class=\"uagb-infobox-margin-wrapper\"><div class=\"uagb-ifb-content\"><div class=\"uagb-ifb-icon-wrap\"><svg xmlns=\"https:\/\/www.w3.org\/2000\/svg\" viewbox=\"0 0 512 512\"><path d=\"M152.1 38.16C161.9 47.03 162.7 62.2 153.8 72.06L81.84 152.1C77.43 156.9 71.21 159.8 64.63 159.1C58.05 160.2 51.69 157.6 47.03 152.1L7.029 112.1C-2.343 103.6-2.343 88.4 7.029 79.03C16.4 69.66 31.6 69.66 40.97 79.03L63.08 101.1L118.2 39.94C127 30.09 142.2 29.29 152.1 38.16V38.16zM152.1 198.2C161.9 207 162.7 222.2 153.8 232.1L81.84 312.1C77.43 316.9 71.21 319.8 64.63 319.1C58.05 320.2 51.69 317.6 47.03 312.1L7.029 272.1C-2.343 263.6-2.343 248.4 7.029 239C16.4 229.7 31.6 229.7 40.97 239L63.08 261.1L118.2 199.9C127 190.1 142.2 189.3 152.1 198.2V198.2zM224 96C224 78.33 238.3 64 256 64H480C497.7 64 512 78.33 512 96C512 113.7 497.7 128 480 128H256C238.3 128 224 113.7 224 96V96zM224 256C224 238.3 238.3 224 256 224H480C497.7 224 512 238.3 512 256C512 273.7 497.7 288 480 288H256C238.3 288 224 273.7 224 256zM160 416C160 398.3 174.3 384 192 384H480C497.7 384 512 398.3 512 416C512 433.7 497.7 448 480 448H192C174.3 448 160 433.7 160 416zM0 416C0 389.5 21.49 368 48 368C74.51 368 96 389.5 96 416C96 442.5 74.51 464 48 464C21.49 464 0 442.5 0 416z\"><\/path><\/svg><\/div><div class=\"uagb-ifb-title-wrap\"><h4 class=\"uagb-ifb-title\">Workshops zur L\u00f6sung von Herausforderungen<\/h4><\/div><p class=\"uagb-ifb-desc\">Spezifische CX-Schwachstellen angehen, Ursachen identifizieren und umsetzbare L\u00f6sungen entwickeln.<\/p><\/div><\/div><\/div>\n<\/div>\n\n\n\n<div class=\"wp-block-uagb-container uagb-block-9ed2e57b\">\n<div class=\"wp-block-uagb-info-box uagb-block-cde684f6 uagb-infobox__content-wrap  uagb-infobox-icon-above-title uagb-infobox-image-valign-top wp-block-uagb-info-box--has-margin\"><div class=\"uagb-infobox-margin-wrapper\"><div class=\"uagb-ifb-content\"><div class=\"uagb-ifb-icon-wrap\"><svg xmlns=\"https:\/\/www.w3.org\/2000\/svg\" viewbox=\"0 0 576 512\"><path d=\"M96 304.1c0-12.16 4.971-23.83 13.64-32.01l72.13-68.08c1.65-1.555 3.773-2.311 5.611-3.578C177.1 176.8 155 160 128 160H64C28.65 160 0 188.7 0 224v96c0 17.67 14.33 32 31.1 32L32 480c0 17.67 14.33 32 32 32h64c17.67 0 32-14.33 32-32v-96.39l-50.36-47.53C100.1 327.9 96 316.2 96 304.1zM480 128c35.38 0 64-28.62 64-64s-28.62-64-64-64s-64 28.62-64 64S444.6 128 480 128zM96 128c35.38 0 64-28.62 64-64S131.4 0 96 0S32 28.62 32 64S60.63 128 96 128zM444.4 295.3L372.3 227.3c-3.49-3.293-8.607-4.193-13.01-2.299C354.9 226.9 352 231.2 352 236V272H224V236c0-4.795-2.857-9.133-7.262-11.03C212.3 223.1 207.2 223.1 203.7 227.3L131.6 295.3c-4.805 4.535-4.805 12.94 0 17.47l72.12 68.07c3.49 3.291 8.607 4.191 13.01 2.297C221.1 381.3 224 376.9 224 372.1V336h128v36.14c0 4.795 2.857 9.135 7.262 11.04c4.406 1.893 9.523 .9922 13.01-2.299l72.12-68.07C449.2 308.3 449.2 299.9 444.4 295.3zM512 160h-64c-26.1 0-49.98 16.77-59.38 40.42c1.842 1.271 3.969 2.027 5.623 3.588l72.12 68.06C475 280.2 480 291.9 480 304.1c.002 12.16-4.969 23.83-13.64 32.01L416 383.6V480c0 17.67 14.33 32 32 32h64c17.67 0 32-14.33 32-32v-128c17.67 0 32-14.33 32-32V224C576 188.7 547.3 160 512 160z\"><\/path><\/svg><\/div><div class=\"uagb-ifb-title-wrap\"><h4 class=\"uagb-ifb-title\">Kundeneinblicke im Detail<\/h4><\/div><p class=\"uagb-ifb-desc\">Bereitstellung schneller Analysen und Expertenempfehlungen zu Kundendaten, um die Entscheidungsfindung zu unterst\u00fctzen.<\/p><\/div><\/div><\/div>\n<\/div>\n\n\n\n<div class=\"wp-block-uagb-container uagb-block-f544c951\">\n<div class=\"wp-block-uagb-info-box uagb-block-81e190b2 uagb-infobox__content-wrap  uagb-infobox-icon-above-title uagb-infobox-image-valign-top wp-block-uagb-info-box--has-margin\"><div class=\"uagb-infobox-margin-wrapper\"><div class=\"uagb-ifb-content\"><div class=\"uagb-ifb-icon-wrap\"><svg xmlns=\"https:\/\/www.w3.org\/2000\/svg\" viewbox=\"0 0 576 512\"><path d=\"M256 96C256 113.7 270.3 128 288 128C305.7 128 320 113.7 320 96V32H394.8C421.9 32 446 49.08 455.1 74.63L572.9 407.2C574.9 413 576 419.2 576 425.4C576 455.5 551.5 480 521.4 480H320V416C320 398.3 305.7 384 288 384C270.3 384 256 398.3 256 416V480H54.61C24.45 480 0 455.5 0 425.4C0 419.2 1.06 413 3.133 407.2L120.9 74.63C129.1 49.08 154.1 32 181.2 32H255.1L256 96zM320 224C320 206.3 305.7 192 288 192C270.3 192 256 206.3 256 224V288C256 305.7 270.3 320 288 320C305.7 320 320 305.7 320 288V224z\"><\/path><\/svg><\/div><div class=\"uagb-ifb-title-wrap\"><h4 class=\"uagb-ifb-title\">CX-Roadmap-Validierung<\/h4><\/div><p class=\"uagb-ifb-desc\">\u00dcberpr\u00fcfung und Verfeinerung bestehender Strategien, um Machbarkeit, Ausrichtung und Wirkung sicherzustellen.<\/p><\/div><\/div><\/div>\n<\/div>\n<\/div>\n\n\n\n<div class=\"wp-block-uagb-info-box uagb-block-f2513a38 uagb-infobox__content-wrap  uagb-infobox-icon-above-title uagb-infobox-image-valign-top\"><div class=\"uagb-ifb-content\"><div class=\"uagb-ifb-title-wrap\"><h3 class=\"uagb-ifb-title\">Beispielhafte Ergebnisse erzielt<\/h3><\/div><\/div><\/div>\n\n\n\n<div class=\"wp-block-uagb-advanced-heading uagb-block-4d61cc05\"><h4 class=\"uagb-heading-text\">Sofortige Wirkung (1-3 Tage)<\/h4><\/div>\n\n\n\n<div class=\"wp-block-uagb-icon-list uagb-block-d6477b6a\"><div class=\"uagb-icon-list__wrap\">\n<div class=\"wp-block-uagb-icon-list-child uagb-block-450bcb90\"><span class=\"uagb-icon-list__source-wrap\"><svg xmlns=\"https:\/\/www.w3.org\/2000\/svg\" viewbox=\"0 0 448 512\"><path d=\"M438.6 105.4C451.1 117.9 451.1 138.1 438.6 150.6L182.6 406.6C170.1 419.1 149.9 419.1 137.4 406.6L9.372 278.6C-3.124 266.1-3.124 245.9 9.372 233.4C21.87 220.9 42.13 220.9 54.63 233.4L159.1 338.7L393.4 105.4C405.9 92.88 426.1 92.88 438.6 105.4H438.6z\"><\/path><\/svg><\/span><span class=\"uagb-icon-list__label\">Strategische Keynote, um die Gesch\u00e4ftsleitung auf die Priorit\u00e4ten der CX-Transformation abzustimmen.<\/span><\/div>\n\n\n\n<div class=\"wp-block-uagb-icon-list-child uagb-block-4c6527ed\"><span class=\"uagb-icon-list__source-wrap\"><svg xmlns=\"https:\/\/www.w3.org\/2000\/svg\" viewbox=\"0 0 448 512\"><path d=\"M438.6 105.4C451.1 117.9 451.1 138.1 438.6 150.6L182.6 406.6C170.1 419.1 149.9 419.1 137.4 406.6L9.372 278.6C-3.124 266.1-3.124 245.9 9.372 233.4C21.87 220.9 42.13 220.9 54.63 233.4L159.1 338.7L393.4 105.4C405.9 92.88 426.1 92.88 438.6 105.4H438.6z\"><\/path><\/svg><\/span><span class=\"uagb-icon-list__label\">Moderierter Projekt-Kick-off-Workshop, der f\u00fcr Abstimmung und Klarheit zwischen funktions\u00fcbergreifenden Teams sorgt.<\/span><\/div>\n<\/div><\/div>\n\n\n\n<div class=\"wp-block-uagb-advanced-heading uagb-block-3c96f227\"><h4 class=\"uagb-heading-text\">Kurzfristig (1-2 Wochen)<\/h4><\/div>\n\n\n\n<div class=\"wp-block-uagb-icon-list uagb-block-e91ab224\"><div class=\"uagb-icon-list__wrap\">\n<div class=\"wp-block-uagb-icon-list-child uagb-block-2f6d2891\"><span class=\"uagb-icon-list__source-wrap\"><svg xmlns=\"https:\/\/www.w3.org\/2000\/svg\" viewbox=\"0 0 448 512\"><path d=\"M438.6 105.4C451.1 117.9 451.1 138.1 438.6 150.6L182.6 406.6C170.1 419.1 149.9 419.1 137.4 406.6L9.372 278.6C-3.124 266.1-3.124 245.9 9.372 233.4C21.87 220.9 42.13 220.9 54.63 233.4L159.1 338.7L393.4 105.4C405.9 92.88 426.1 92.88 438.6 105.4H438.6z\"><\/path><\/svg><\/span><span class=\"uagb-icon-list__label\">Durchf\u00fchrung gezielter Schulungen und Ausstattung der Teams mit umsetzbaren CX-Methoden.<\/span><\/div>\n\n\n\n<div class=\"wp-block-uagb-icon-list-child uagb-block-c97dd3a7\"><span class=\"uagb-icon-list__source-wrap\"><svg xmlns=\"https:\/\/www.w3.org\/2000\/svg\" viewbox=\"0 0 448 512\"><path d=\"M438.6 105.4C451.1 117.9 451.1 138.1 438.6 150.6L182.6 406.6C170.1 419.1 149.9 419.1 137.4 406.6L9.372 278.6C-3.124 266.1-3.124 245.9 9.372 233.4C21.87 220.9 42.13 220.9 54.63 233.4L159.1 338.7L393.4 105.4C405.9 92.88 426.1 92.88 438.6 105.4H438.6z\"><\/path><\/svg><\/span><span class=\"uagb-icon-list__label\">Schnelles Feedback zu CX-Roadmaps, um die Ausrichtung an den Gesch\u00e4ftszielen sicherzustellen.<\/span><\/div>\n<\/div><\/div>\n\n\n\n<div class=\"wp-block-uagb-advanced-heading uagb-block-a66c6cad\"><h4 class=\"uagb-heading-text\">Mittelfristige Wirkung (1-3 Monate)<\/h4><\/div>\n\n\n\n<div class=\"wp-block-uagb-icon-list uagb-block-442b08e0\"><div class=\"uagb-icon-list__wrap\">\n<div class=\"wp-block-uagb-icon-list-child uagb-block-cc950b53\"><span class=\"uagb-icon-list__source-wrap\"><svg xmlns=\"https:\/\/www.w3.org\/2000\/svg\" viewbox=\"0 0 448 512\"><path d=\"M438.6 105.4C451.1 117.9 451.1 138.1 438.6 150.6L182.6 406.6C170.1 419.1 149.9 419.1 137.4 406.6L9.372 278.6C-3.124 266.1-3.124 245.9 9.372 233.4C21.87 220.9 42.13 220.9 54.63 233.4L159.1 338.7L393.4 105.4C405.9 92.88 426.1 92.88 438.6 105.4H438.6z\"><\/path><\/svg><\/span><span class=\"uagb-icon-list__label\">Entwicklung gezielter Aktionspl\u00e4ne auf der Grundlage der Workshop-Ergebnisse, um messbare Verbesserungen zu erzielen.<\/span><\/div>\n\n\n\n<div class=\"wp-block-uagb-icon-list-child uagb-block-18f3886d\"><span class=\"uagb-icon-list__source-wrap\"><svg xmlns=\"https:\/\/www.w3.org\/2000\/svg\" viewbox=\"0 0 448 512\"><path d=\"M438.6 105.4C451.1 117.9 451.1 138.1 438.6 150.6L182.6 406.6C170.1 419.1 149.9 419.1 137.4 406.6L9.372 278.6C-3.124 266.1-3.124 245.9 9.372 233.4C21.87 220.9 42.13 220.9 54.63 233.4L159.1 338.7L393.4 105.4C405.9 92.88 426.1 92.88 438.6 105.4H438.6z\"><\/path><\/svg><\/span><span class=\"uagb-icon-list__label\">Erm\u00f6glicht schnelle Erfolge durch von Experten geleitete Interventionssitzungen, die sich mit kritischen CX-Herausforderungen befassen.<\/span><\/div>\n<\/div><\/div>\n\n\n\n<div class=\"wp-block-uagb-container uagb-block-290f5e67\">\n<p class=\"has-text-align-left\"><strong>Nehmen Sie noch heute Kontakt mit uns <\/strong>auf, um Ihre spezifische Situation zu besprechen, und wir k\u00f6nnen gemeinsam eine ma\u00dfgeschneiderte L\u00f6sung entwickeln, die auf Ihre Bed\u00fcrfnisse und Ziele zugeschnitten ist.<\/p>\n\n\n\n<div class=\"wp-block-uagb-buttons uagb-buttons__outer-wrap uagb-btn__default-btn uagb-btn-tablet__default-btn uagb-btn-mobile__default-btn uagb-block-12a6e360\"><div class=\"uagb-buttons__wrap uagb-buttons-layout-wrap \">\n<div class=\"wp-block-uagb-buttons-child uagb-buttons__outer-wrap uagb-block-41470015 wp-block-button\"><div class=\"uagb-button__wrapper\"><a class=\"uagb-buttons-repeater wp-block-button__link\" aria-label=\"\" href=\"\/de\/#connect\" rel=\"follow noopener\" target=\"_self\" role=\"button\"><div class=\"uagb-button__link\">KONTAKT AUFNEHMEN<\/div><\/a><\/div><\/div>\n<\/div><\/div>\n<\/div>\n\n\n\n<div class=\"wp-block-uagb-container uagb-block-e58d2582\"><\/div>\n<\/div><\/div>\n","protected":false},"excerpt":{"rendered":"<p>Beratungsunterst\u00fctzung, die auf eine ganz bestimmte Situation, Herausforderung oder ein erw\u00fcnschtes Ergebnis ausgerichtet ist, inkl. Impulsvortr\u00e4ge, Senior Management Workshops, Projekt- oder Trainings-Kick-offs Unternehmen stehen oft vor dringenden oder hochpriorit\u00e4ren CX-Herausforderungen, die sofortige, gezielte Unterst\u00fctzung erfordern, um bestimmte Probleme anzugehen oder Chancen zu nutzen. Ganz gleich, ob es darum geht, die F\u00fchrungsmannschaft auf strategische Priorit\u00e4ten auszurichten, [&hellip;]<\/p>\n","protected":false},"author":1,"featured_media":0,"parent":3330,"menu_order":0,"comment_status":"closed","ping_status":"closed","template":"","meta":{"_uag_custom_page_level_css":"","_monsterinsights_skip_tracking":false,"_monsterinsights_sitenote_active":false,"_monsterinsights_sitenote_note":"","_monsterinsights_sitenote_category":0,"site-sidebar-layout":"default","site-content-layout":"","ast-site-content-layout":"default","site-content-style":"default","site-sidebar-style":"default","ast-global-header-display":"","ast-banner-title-visibility":"","ast-main-header-display":"","ast-hfb-above-header-display":"","ast-hfb-below-header-display":"","ast-hfb-mobile-header-display":"","site-post-title":"","ast-breadcrumbs-content":"","ast-featured-img":"","footer-sml-layout":"","ast-disable-related-posts":"","theme-transparent-header-meta":"","adv-header-id-meta":"","stick-header-meta":"","header-above-stick-meta":"","header-main-stick-meta":"","header-below-stick-meta":"","astra-migrate-meta-layouts":"default","ast-page-background-enabled":"default","ast-page-background-meta":{"desktop":{"background-color":"var(--ast-global-color-4)","background-image":"","background-repeat":"repeat","background-position":"center center","background-size":"auto","background-attachment":"scroll","background-type":"","background-media":"","overlay-type":"","overlay-color":"","overlay-opacity":"","overlay-gradient":""},"tablet":{"background-color":"","background-image":"","background-repeat":"repeat","background-position":"center center","background-size":"auto","background-attachment":"scroll","background-type":"","background-media":"","overlay-type":"","overlay-color":"","overlay-opacity":"","overlay-gradient":""},"mobile":{"background-color":"","background-image":"","background-repeat":"repeat","background-position":"center center","background-size":"auto","background-attachment":"scroll","background-type":"","background-media":"","overlay-type":"","overlay-color":"","overlay-opacity":"","overlay-gradient":""}},"ast-content-background-meta":{"desktop":{"background-color":"var(--ast-global-color-5)","background-image":"","background-repeat":"repeat","background-position":"center center","background-size":"auto","background-attachment":"scroll","background-type":"","background-media":"","overlay-type":"","overlay-color":"","overlay-opacity":"","overlay-gradient":""},"tablet":{"background-color":"var(--ast-global-color-5)","background-image":"","background-repeat":"repeat","background-position":"center center","background-size":"auto","background-attachment":"scroll","background-type":"","background-media":"","overlay-type":"","overlay-color":"","overlay-opacity":"","overlay-gradient":""},"mobile":{"background-color":"var(--ast-global-color-5)","background-image":"","background-repeat":"repeat","background-position":"center center","background-size":"auto","background-attachment":"scroll","background-type":"","background-media":"","overlay-type":"","overlay-color":"","overlay-opacity":"","overlay-gradient":""}},"footnotes":""},"class_list":["post-3333","page","type-page","status-publish","hentry"],"aioseo_notices":[],"uagb_featured_image_src":{"full":false,"thumbnail":false,"medium":false,"medium_large":false,"large":false,"1536x1536":false,"2048x2048":false},"uagb_author_info":{"display_name":"relay_customerfirstpartners_com_7a3st@mrvh.de","author_link":"https:\/\/customerfirstpartners.com\/de\/author\/relay_customerfirstpartners_com_7a3stmrvh-de\/"},"uagb_comment_info":0,"uagb_excerpt":"Beratungsunterst\u00fctzung, die auf eine ganz bestimmte Situation, Herausforderung oder ein erw\u00fcnschtes Ergebnis ausgerichtet ist, inkl. Impulsvortr\u00e4ge, Senior Management Workshops, Projekt- oder Trainings-Kick-offs Unternehmen stehen oft vor dringenden oder hochpriorit\u00e4ren CX-Herausforderungen, die sofortige, gezielte Unterst\u00fctzung erfordern, um bestimmte Probleme anzugehen oder Chancen zu nutzen. Ganz gleich, ob es darum geht, die F\u00fchrungsmannschaft auf strategische Priorit\u00e4ten auszurichten,&hellip;","_links":{"self":[{"href":"https:\/\/customerfirstpartners.com\/de\/wp-json\/wp\/v2\/pages\/3333","targetHints":{"allow":["GET"]}}],"collection":[{"href":"https:\/\/customerfirstpartners.com\/de\/wp-json\/wp\/v2\/pages"}],"about":[{"href":"https:\/\/customerfirstpartners.com\/de\/wp-json\/wp\/v2\/types\/page"}],"author":[{"embeddable":true,"href":"https:\/\/customerfirstpartners.com\/de\/wp-json\/wp\/v2\/users\/1"}],"replies":[{"embeddable":true,"href":"https:\/\/customerfirstpartners.com\/de\/wp-json\/wp\/v2\/comments?post=3333"}],"version-history":[{"count":8,"href":"https:\/\/customerfirstpartners.com\/de\/wp-json\/wp\/v2\/pages\/3333\/revisions"}],"predecessor-version":[{"id":3553,"href":"https:\/\/customerfirstpartners.com\/de\/wp-json\/wp\/v2\/pages\/3333\/revisions\/3553"}],"up":[{"embeddable":true,"href":"https:\/\/customerfirstpartners.com\/de\/wp-json\/wp\/v2\/pages\/3330"}],"wp:attachment":[{"href":"https:\/\/customerfirstpartners.com\/de\/wp-json\/wp\/v2\/media?parent=3333"}],"curies":[{"name":"wp","href":"https:\/\/api.w.org\/{rel}","templated":true}]}}